{"id":1746,"date":"2025-09-11T05:49:17","date_gmt":"2025-09-11T05:49:17","guid":{"rendered":"https:\/\/klikpbc.com\/?page_id=1746"},"modified":"2025-11-07T05:01:52","modified_gmt":"2025-11-07T05:01:52","slug":"cara-kerja-giam-gia-forex","status":"publish","type":"page","link":"https:\/\/klikpbc.com\/vi\/cara-kerja-rebate-forex\/","title":{"rendered":"C\u00e1ch ho\u1ea1t \u0111\u1ed9ng c\u1ee7a c\u00e1c kho\u1ea3n gi\u1ea3m gi\u00e1 ngo\u1ea1i h\u1ed1i"},"content":{"rendered":"<div data-elementor-type=\"wp-page\" data-elementor-id=\"1746\" class=\"elementor elementor-1746\" data-elementor-post-type=\"page\">\n\t\t\t\t<div class=\"elementor-element elementor-element-06bff4c e-flex e-con-boxed e-con e-parent\" data-id=\"06bff4c\" data-element_type=\"container\" data-e-type=\"container\">\n\t\t\t\t\t<div class=\"e-con-inner\">\n\t\t\t\t<div class=\"elementor-element elementor-element-e42cbfd elementor-widget elementor-widget-html\" data-id=\"e42cbfd\" data-element_type=\"widget\" data-e-type=\"widget\" data-widget_type=\"html.default\">\n\t\t\t\t<div class=\"elementor-widget-container\">\n\t\t\t\t\t<!doctype html>\r\n<html lang=\"en\">\r\n<head>\r\n  <meta charset=\"utf-8\">\r\n  <meta name=\"viewport\" content=\"width=device-width,initial-scale=1\">\r\n  <title>C\u00e1ch th\u1ee9c gi\u1ea3m gi\u00e1 ngo\u1ea1i h\u1ed1i ho\u1ea1t \u0111\u1ed9ng | AutoRebateBrokerFX<\/title>\r\n  <meta name=\"description\" content=\"T\u00ecm hi\u1ec3u c\u00e1ch c\u00e1c kho\u1ea3n gi\u1ea3m gi\u00e1 ngo\u1ea1i h\u1ed1i ho\u1ea1t \u0111\u1ed9ng chi ti\u1ebft. H\u01b0\u1edbng d\u1eabn \u0111\u1ea7y \u0111\u1ee7 \u0111\u1ec3 hi\u1ec3u c\u00e1c kho\u1ea3n gi\u1ea3m gi\u00e1, v\u00ed d\u1ee5 t\u00ednh to\u00e1n, c\u00e1c lo\u1ea1i gi\u1ea3m gi\u00e1 v\u00e0 c\u00e1ch b\u1ea1n c\u00f3 th\u1ec3 t\u1ed1i \u0111a h\u00f3a l\u1ee3i nhu\u1eadn v\u1edbi AutoRebateBrokerFX.\">\r\n  <link href=\"https:\/\/unpkg.com\/aos@2.3.1\/dist\/aos.css\" rel=\"stylesheet\">\r\n  <style>\r\n    body {\r\n      margin:0;\r\n      font-family: Arial, sans-serif;\r\n      background:#fff;\r\n      color:#333;\r\n    }\r\n    header {\r\n      background:#b91c1c;\r\n      color:#fff;\r\n      padding:20px;\r\n      text-align:center;\r\n    }\r\n    header h1 {\r\n      margin:0;\r\n      font-size:2rem;\r\n    }\r\n    .container {\r\n      max-width:1200px;\r\n      margin:0 auto;\r\n      padding:20px;\r\n    }\r\n    section {\r\n      margin-bottom:40px;\r\n    }\r\n    h2 {\r\n      color:#b91c1c;\r\n      margin-bottom:15px;\r\n    }\r\n    h3 {\r\n      color:#dc2626;\r\n      margin-top:20px;\r\n    }\r\n    p {\r\n      line-height:1.8;\r\n      margin-bottom:15px;\r\n    }\r\n    .grid {\r\n      display:grid;\r\n      grid-template-columns: repeat(auto-fit,minmax(280px,1fr));\r\n      gap:20px;\r\n    }\r\n    .card {\r\n      background:#fff5f5;\r\n      border:1px solid #fecaca;\r\n      border-radius:12px;\r\n      padding:20px;\r\n      transition:all 0.3s;\r\n    }\r\n    .card:hover {\r\n      transform:translateY(-5px);\r\n      box-shadow:0 8px 20px rgba(0,0,0,0.1);\r\n    }\r\n    @media (max-width:600px){\r\n      header h1{font-size:1.5rem;}\r\n    }\r\n  <\/style>\r\n<\/head>\r\n<body>\r\n  <header>\r\n    <h1 data-aos=\"fade-down\">C\u00e1ch ho\u1ea1t \u0111\u1ed9ng c\u1ee7a c\u00e1c kho\u1ea3n gi\u1ea3m gi\u00e1 ngo\u1ea1i h\u1ed1i<\/h1>\r\n    <p data-aos=\"fade-up\">H\u01b0\u1edbng d\u1eabn \u0111\u1ea7y \u0111\u1ee7 cho c\u00e1c nh\u00e0 giao d\u1ecbch t\u1ea1i AutoRebateBrokerFX<\/p>\r\n  <\/header>\r\n\r\n  <div class=\"container\">\r\n\r\n    <section data-aos=\"fade-up\">\r\n      <h2>Gi\u1edbi thi\u1ec7u v\u1ec1 c\u00e1ch th\u1ee9c ho\u1ea1t \u0111\u1ed9ng c\u1ee7a c\u00e1c kho\u1ea3n gi\u1ea3m gi\u00e1 ngo\u1ea1i h\u1ed1i<\/h2>\r\n      <p>\r\n        Ho\u00e0n tr\u1ea3 ngo\u1ea1i h\u1ed1i l\u00e0 m\u1ed9t lo\u1ea1i khuy\u1ebfn kh\u00edch t\u00e0i ch\u00ednh \u0111\u01b0\u1ee3c cung c\u1ea5p b\u1edfi c\u00e1c nh\u00e0 m\u00f4i gi\u1edbi ngo\u1ea1i h\u1ed1i ho\u1eb7c th\u00f4ng qua c\u00e1c \u0111\u1ed1i t\u00e1c li\u00ean k\u1ebft nh\u01b0 \r\n        <strong>AutoRebateBrokerFX<\/strong>. H\u1ec7 th\u1ed1ng n\u00e0y cho ph\u00e9p c\u00e1c nh\u00e0 giao d\u1ecbch nh\u1eadn l\u1ea1i m\u1ed9t ph\u1ea7n chi ph\u00ed giao d\u1ecbch \u0111\u01b0\u1ee3c tr\u1ea3 cho nh\u00e0 m\u00f4i gi\u1edbi, d\u01b0\u1edbi d\u1ea1ng ch\u00eanh l\u1ec7ch ho\u1eb7c hoa h\u1ed3ng.\r\n      <\/p>\r\n      <p>\r\n        Nhi\u1ec1u nh\u00e0 giao d\u1ecbch m\u1edbi b\u1eaft \u0111\u1ea7u v\u1eabn c\u00f2n b\u1ed1i r\u1ed1i v\u1ec1 vi\u1ec7c c\u00e1c kho\u1ea3n gi\u1ea3m gi\u00e1 ho\u1ea1t \u0111\u1ed9ng nh\u01b0 th\u1ebf n\u00e0o, khi n\u00e0o h\u1ecd \u0111\u01b0\u1ee3c tr\u1ea3 ti\u1ec1n v\u00e0 nh\u1eefng y\u1ebfu t\u1ed1 n\u00e0o \u1ea3nh h\u01b0\u1edfng \u0111\u1ebfn s\u1ed1 ti\u1ec1n gi\u1ea3m gi\u00e1. B\u00e0i vi\u1ebft n\u00e0y s\u1ebd th\u1ea3o lu\u1eadn chi ti\u1ebft v\u1ec1 c\u00e1ch th\u1ee9c c\u00e1c kho\u1ea3n gi\u1ea3m gi\u00e1 c\u1ee7a Forex ho\u1ea1t \u0111\u1ed9ng, t\u1eeb c\u00e1c kh\u00e1i ni\u1ec7m c\u01a1 b\u1ea3n, d\u00f2ng k\u1ef9 thu\u1eadt, \u0111\u1ebfn c\u00e1c v\u00ed d\u1ee5 t\u00ednh to\u00e1n th\u1ef1c t\u1ebf.\r\n      <\/p>\r\n    <\/section>\r\n\r\n    <section data-aos=\"fade-in\">\r\n      <h2>C\u00e1c kho\u1ea3n gi\u1ea3m gi\u00e1 ngo\u1ea1i h\u1ed1i \u0111\u01b0\u1ee3c t\u00ednh nh\u01b0 th\u1ebf n\u00e0o?<\/h2>\r\n      <p>\r\n        C\u00e1c kho\u1ea3n gi\u1ea3m gi\u00e1 ngo\u1ea1i h\u1ed1i \u0111\u01b0\u1ee3c t\u00ednh d\u1ef1a tr\u00ean kh\u1ed1i l\u01b0\u1ee3ng giao d\u1ecbch c\u1ee7a nh\u00e0 giao d\u1ecbch. Kh\u1ed1i l\u01b0\u1ee3ng giao d\u1ecbch c\u00e0ng cao, m\u1ee9c gi\u1ea3m gi\u00e1 c\u00f3 th\u1ec3 nh\u1eadn \u0111\u01b0\u1ee3c c\u00e0ng l\u1edbn. C\u00e1c nh\u00e0 m\u00f4i gi\u1edbi ph\u00e2n b\u1ed5 m\u1ed9t ph\u1ea7n chi ph\u00ed giao d\u1ecbch \u0111\u00e3 \u0111\u01b0\u1ee3c nh\u00e0 giao d\u1ecbch tr\u1ea3, sau \u0111\u00f3 tr\u1ea3 l\u1ea1i d\u01b0\u1edbi d\u1ea1ng ho\u00e0n ti\u1ec1n.\r\n      <\/p>\r\n      <div class=\"grid\">\r\n        <div class=\"card\" data-aos=\"fade-up\">\r\n          <h3>1. D\u1ef1a tr\u00ean s\u1ef1 lan truy\u1ec1n<\/h3>\r\n          <p>\r\n            N\u1ebfu nh\u00e0 m\u00f4i gi\u1edbi s\u1eed d\u1ee5ng ch\u00eanh l\u1ec7ch l\u00e0m chi ph\u00ed giao d\u1ecbch, kho\u1ea3n gi\u1ea3m gi\u00e1 th\u01b0\u1eddng \u0111\u01b0\u1ee3c t\u00ednh b\u1eb1ng t\u1ef7 l\u1ec7 ph\u1ea7n tr\u0103m c\u1ee7a m\u1ee9c ch\u00eanh l\u1ec7ch \u0111\u00f3. V\u00ed d\u1ee5: N\u1ebfu ch\u00eanh l\u1ec7ch l\u00e0 2 pip, th\u00ec 0,5\u20131 pip c\u00f3 th\u1ec3 \u0111\u01b0\u1ee3c tr\u1ea3 l\u1ea1i d\u01b0\u1edbi d\u1ea1ng gi\u1ea3m gi\u00e1.\r\n          <\/p>\r\n        <\/div>\r\n        <div class=\"card\" data-aos=\"fade-up\">\r\n          <h3>2 . D\u1ef1a tr\u00ean hoa h\u1ed3ng<\/h3>\r\n          <p>\r\n            Trong ECN ho\u1eb7c t\u00e0i kho\u1ea3n Spread th\u00f4, c\u00e1c nh\u00e0 m\u00f4i gi\u1edbi t\u00ednh ph\u00ed hoa h\u1ed3ng cho m\u1ed7i l\u00f4. M\u1ed9t ph\u1ea7n c\u1ee7a hoa h\u1ed3ng n\u00e0y \u0111\u01b0\u1ee3c tr\u1ea3 l\u1ea1i nh\u01b0 m\u1ed9t kho\u1ea3n gi\u1ea3m gi\u00e1. V\u00ed d\u1ee5: n\u1ebfu hoa h\u1ed3ng l\u00e0 $7 cho m\u1ed7i l\u00f4, nh\u00e0 giao d\u1ecbch c\u00f3 th\u1ec3 nh\u1eadn \u0111\u01b0\u1ee3c kho\u1ea3n gi\u1ea3m gi\u00e1 $2\u2013$4.\r\n          <\/p>\r\n        <\/div>\r\n      <\/div>\r\n    <\/section>\r\n\r\n    <section data-aos=\"fade-up\">\r\n      <h2>Quy tr\u00ecnh ho\u00e0n tr\u1ea3 ngo\u1ea1i h\u1ed1i<\/h2>\r\n      <ol>\r\n        <li>Trader m\u1edf t\u00e0i kho\u1ea3n giao d\u1ecbch qua <strong>AutoRebateBrokerFX<\/strong>.<\/li>\r\n        <li>M\u1ed7i khi m\u1ed9t v\u1ecb tr\u00ed \u0111\u01b0\u1ee3c m\u1edf ho\u1eb7c \u0111\u00f3ng, nh\u00e0 m\u00f4i gi\u1edbi s\u1ebd t\u00ednh ph\u00ed giao d\u1ecbch.<\/li>\r\n        <li>M\u1ed9t ph\u1ea7n ph\u00ed giao d\u1ecbch \u0111\u01b0\u1ee3c ph\u00e2n b\u1ed5 tr\u1edf l\u1ea1i nh\u01b0 m\u1ed9t kho\u1ea3n gi\u1ea3m gi\u00e1.<\/li>\r\n        <li>Kho\u1ea3n gi\u1ea3m gi\u00e1 \u0111\u01b0\u1ee3c t\u1ef1 \u0111\u1ed9ng ghi c\u00f3 v\u00e0o t\u00e0i kho\u1ea3n ho\u1eb7c v\u00ed ti\u1ec1n ho\u00e0n l\u1ea1i c\u1ee7a nh\u00e0 giao d\u1ecbch theo l\u1ecbch thanh to\u00e1n.<\/li>\r\n      <\/ol>\r\n      <p>\r\n        V\u1edbi h\u1ec7 th\u1ed1ng n\u00e0y, c\u00e1c nh\u00e0 giao d\u1ecbch ti\u1ebfp t\u1ee5c giao d\u1ecbch nh\u01b0 b\u00ecnh th\u01b0\u1eddng m\u00e0 kh\u00f4ng thay \u0111\u1ed5i \u0111i\u1ec1u ki\u1ec7n giao d\u1ecbch, \u0111\u1ed3ng th\u1eddi thu th\u00eam l\u1ee3i nhu\u1eadn d\u01b0\u1edbi d\u1ea1ng ho\u00e0n ti\u1ec1n.\r\n      <\/p>\r\n    <\/section>\r\n\r\n    <section data-aos=\"fade-in\">\r\n      <h2>V\u00ed d\u1ee5 t\u00ednh to\u00e1n ngo\u1ea1i h\u1ed1i<\/h2>\r\n      <p>\r\n        \u0110\u1ec3 l\u00e0m r\u00f5 h\u01a1n, h\u00e3y xem c\u00e1c h\u00ecnh minh h\u1ecda sau:\r\n      <\/p>\r\n      <div class=\"card\" data-aos=\"fade-up\">\r\n        <h3>Tr\u01b0\u1eddng h\u1ee3p 1: T\u00e0i kho\u1ea3n chu\u1ea9n<\/h3>\r\n        <p>\r\n          M\u1ed9t nh\u00e0 giao d\u1ecbch m\u1edf m\u1ed9t v\u1ecb th\u1ebf EURUSD 1 l\u00f4 v\u1edbi m\u1ee9c ch\u00eanh l\u1ec7ch 2 pip. Nh\u00e0 m\u00f4i gi\u1edbi tr\u1ea3 l\u1ea1i 1 pip d\u01b0\u1edbi d\u1ea1ng gi\u1ea3m gi\u00e1. Gi\u00e1 tr\u1ecb c\u1ee7a 1 pip cho 1 lot EURUSD = $10, do \u0111\u00f3 vi\u1ec7c gi\u1ea3m gi\u00e1 = $10.\r\n        <\/p>\r\n      <\/div>\r\n      <div class=\"card\" data-aos=\"fade-up\">\r\n        <h3>Tr\u01b0\u1eddng h\u1ee3p 2: T\u00e0i kho\u1ea3n ECN<\/h3>\r\n        <p>\r\n          M\u1ed9t nh\u00e0 giao d\u1ecbch s\u1eed d\u1ee5ng t\u00e0i kho\u1ea3n ECN v\u1edbi hoa h\u1ed3ng $7 cho m\u1ed7i l\u00f4. Nh\u00e0 m\u00f4i gi\u1edbi cung c\u1ea5p kho\u1ea3n gi\u1ea3m gi\u00e1 $3. V\u00ec v\u1eady, \u0111\u1ed1i v\u1edbi m\u1ed7i giao d\u1ecbch 1 l\u00f4, nh\u00e0 giao d\u1ecbch nh\u1eadn \u0111\u01b0\u1ee3c $3 ho\u00e0n ti\u1ec1n.\r\n        <\/p>\r\n      <\/div>\r\n    <\/section>\r\n\r\n    <section data-aos=\"fade-up\">\r\n      <h2>C\u00e1c lo\u1ea1i ho\u00e0n tr\u1ea3 ngo\u1ea1i h\u1ed1i<\/h2>\r\n      <div class=\"grid\">\r\n        <div class=\"card\" data-aos=\"fade-up\">\r\n          <h3>Gi\u1ea3m gi\u00e1 h\u00e0ng ng\u00e0y<\/h3>\r\n          <p>\u0111\u01b0\u1ee3c \u0111\u01b0a ra h\u00e0ng ng\u00e0y d\u1ef1a tr\u00ean kh\u1ed1i l\u01b0\u1ee3ng giao d\u1ecbch c\u1ee7a ng\u00e0y h\u00f4m \u0111\u00f3.<\/p>\r\n        <\/div>\r\n        <div class=\"card\" data-aos=\"fade-up\">\r\n          <h3>Gi\u1ea3m gi\u00e1 h\u00e0ng tu\u1ea7n<\/h3>\r\n          <p>T\u00ednh cu\u1ed1i tu\u1ea7n, th\u00edch h\u1ee3p cho c\u00e1c nh\u00e0 giao d\u1ecbch swing.<\/p>\r\n        <\/div>\r\n        <div class=\"card\" data-aos=\"fade-up\">\r\n          <h3>Ho\u00e0n ti\u1ec1n h\u00e0ng th\u00e1ng<\/h3>\r\n          <p>T\u00ednh h\u00e0ng th\u00e1ng, th\u01b0\u1eddng cho c\u00e1c t\u00e0i kho\u1ea3n c\u00f3 s\u1ed1 l\u01b0\u1ee3ng l\u1edbn.<\/p>\r\n        <\/div>\r\n      <\/div>\r\n    <\/section>\r\n\r\n    <section data-aos=\"fade-in\">\r\n      <h2>L\u1ee3i \u00edch c\u1ee7a vi\u1ec7c gi\u1ea3m gi\u00e1 ngo\u1ea1i h\u1ed1i<\/h2>\r\n      <ul>\r\n        <li>gi\u1ea3m \u0111\u00e1ng k\u1ec3 chi ph\u00ed giao d\u1ecbch.<\/li>\r\n        <li>T\u0103ng l\u1ee3i nhu\u1eadn ngay c\u1ea3 trong \u0111i\u1ec1u ki\u1ec7n thua l\u1ed7.<\/li>\r\n        <li>Cung c\u1ea5p th\u00eam c\u00e1c \u01b0u \u0111\u00e3i cho c\u00e1c nh\u00e0 giao d\u1ecbch t\u00edch c\u1ef1c.<\/li>\r\n        <li>Kh\u00f4ng thay \u0111\u1ed5i \u0111i\u1ec1u ki\u1ec7n giao d\u1ecbch (truy\u1ec1n, \u0111\u00f2n b\u1ea9y, th\u1ef1c thi).<\/li>\r\n      <\/ul>\r\n    <\/section>\r\n\r\n    <section data-aos=\"fade-up\">\r\n      <h2>T\u1ea1i sao ch\u1ecdn AutoRebateBrokerFX?<\/h2>\r\n      <p>\r\n        L\u00e0 \u0111\u1ed1i t\u00e1c gi\u1ea3m gi\u00e1 \u0111\u00e1ng tin c\u1eady, AutoRebateBrokerFX cung c\u1ea5p h\u1ec7 th\u1ed1ng gi\u1ea3m gi\u00e1 minh b\u1ea1ch, thanh to\u00e1n nhanh v\u00e0 h\u1ed7 tr\u1ee3 \u0111\u1ea7y \u0111\u1ee7 cho t\u1ea5t c\u1ea3 c\u00e1c lo\u1ea1i nh\u00e0 giao d\u1ecbch. Ch\u00fang t\u00f4i h\u1ee3p t\u00e1c v\u1edbi c\u00e1c nh\u00e0 m\u00f4i gi\u1edbi qu\u1ed1c t\u1ebf ch\u00ednh th\u1ee9c cung c\u1ea5p c\u00e1c \u0111i\u1ec1u ki\u1ec7n giao d\u1ecbch t\u1ed1t nh\u1ea5t v\u1edbi m\u1ee9c gi\u1ea3m gi\u00e1 t\u1ed1i \u0111a.\r\n      <\/p>\r\n    <\/section>\r\n\r\n    <section data-aos=\"fade-up\">\r\n      <h2>k\u1ebft qu\u1ea3<\/h2>\r\n      <p>\r\n        C\u00e1ch th\u1ee9c ho\u00e0n tr\u1ea3 ti\u1ec1n t\u1ec7 ho\u1ea1t \u0111\u1ed9ng th\u1ef1c s\u1ef1 r\u1ea5t \u0111\u01a1n gi\u1ea3n: M\u1ed7i khi b\u1ea1n th\u1ef1c hi\u1ec7n giao d\u1ecbch, m\u1ed9t ph\u1ea7n chi ph\u00ed giao d\u1ecbch \u0111\u01b0\u1ee3c tr\u1ea3 l\u1ea1i d\u01b0\u1edbi d\u1ea1ng ho\u00e0n ti\u1ec1n. H\u1ec7 th\u1ed1ng n\u00e0y gi\u00fap c\u00e1c nh\u00e0 giao d\u1ecbch ti\u1ebft ki\u1ec7m chi ph\u00ed, t\u0103ng l\u1ee3i nhu\u1eadn v\u00e0 l\u00e0m cho c\u00e1c ho\u1ea1t \u0111\u1ed9ng giao d\u1ecbch c\u00f3 l\u1ee3i nhu\u1eadn cao h\u01a1n. b\u1eb1ng c\u00e1ch tham gia <strong>AutoRebateBrokerFX<\/strong>, b\u1ea1n c\u00f3 th\u1ec3 nh\u1eadn \u0111\u01b0\u1ee3c c\u00e1c kho\u1ea3n gi\u1ea3m gi\u00e1 t\u1ef1 \u0111\u1ed9ng m\u1ed7i ng\u00e0y m\u00e0 kh\u00f4ng c\u1ea7n thay \u0111\u1ed5i phong c\u00e1ch giao d\u1ecbch c\u1ee7a m\u00ecnh.\r\n      <\/p>\r\n    <\/section>\r\n\r\n  <\/div>\r\n\r\n  <script src=\"https:\/\/unpkg.com\/aos@2.3.1\/dist\/aos.js\"><\/script>\r\n  <script>\r\n    AOS.init({ duration: 1000 });\r\n  <\/script>\r\n<\/body>\r\n<\/html>\r\n\t\t\t\t<\/div>\n\t\t\t\t<\/div>\n\t\t\t\t\t<\/div>\n\t\t\t\t<\/div>\n\t\t\t\t<\/div>","protected":false},"excerpt":{"rendered":"<p>&lt;!doctype html&gt; &nbsp; How Forex Rebates Work Complete Guide for Traders at AutoRebateBrokerFX Introduction to How Forex Rebates Work A [&hellip;]<\/p>\n","protected":false},"author":1,"featured_media":0,"parent":0,"menu_order":0,"comment_status":"closed","ping_status":"closed","template":"elementor_header_footer","meta":{"site-sidebar-layout":"no-sidebar","site-content-layout":"","ast-site-content-layout":"full-width-container","site-content-style":"default","site-sidebar-style":"default","ast-global-header-display":"","ast-banner-title-visibility":"","ast-main-header-display":"","ast-hfb-above-header-display":"","ast-hfb-below-header-display":"","ast-hfb-mobile-header-display":"","site-post-title":"disabled","ast-breadcrumbs-content":"","ast-featured-img":"disabled","footer-sml-layout":"","ast-disable-related-posts":"","theme-transparent-header-meta":"default","adv-header-id-meta":"","stick-header-meta":"","header-above-stick-meta":"","header-main-stick-meta":"","header-below-stick-meta":"","astra-migrate-meta-layouts":"set","ast-page-background-enabled":"default","ast-page-background-meta":{"desktop":{"background-color":"var(--ast-global-color-4)","background-image":"","background-repeat":"repeat","background-position":"center center","background-size":"auto","background-attachment":"scroll","background-type":"","background-media":"","overlay-type":"","overlay-color":"","overlay-opacity":"","overlay-gradient":""},"tablet":{"background-color":"","background-image":"","background-repeat":"repeat","background-position":"center center","background-size":"auto","background-attachment":"scroll","background-type":"","background-media":"","overlay-type":"","overlay-color":"","overlay-opacity":"","overlay-gradient":""},"mobile":{"background-color":"","background-image":"","background-repeat":"repeat","background-position":"center center","background-size":"auto","background-attachment":"scroll","background-type":"","background-media":"","overlay-type":"","overlay-color":"","overlay-opacity":"","overlay-gradient":""}},"ast-content-background-meta":{"desktop":{"background-color":"var(--ast-global-color-5)","background-image":"","background-repeat":"repeat","background-position":"center center","background-size":"auto","background-attachment":"scroll","background-type":"","background-media":"","overlay-type":"","overlay-color":"","overlay-opacity":"","overlay-gradient":""},"tablet":{"background-color":"var(--ast-global-color-5)","background-image":"","background-repeat":"repeat","background-position":"center center","background-size":"auto","background-attachment":"scroll","background-type":"","background-media":"","overlay-type":"","overlay-color":"","overlay-opacity":"","overlay-gradient":""},"mobile":{"background-color":"var(--ast-global-color-5)","background-image":"","background-repeat":"repeat","background-position":"center center","background-size":"auto","background-attachment":"scroll","background-type":"","background-media":"","overlay-type":"","overlay-color":"","overlay-opacity":"","overlay-gradient":""}},"footnotes":""},"class_list":["post-1746","page","type-page","status-publish","hentry"],"_links":{"self":[{"href":"https:\/\/klikpbc.com\/vi\/wp-json\/wp\/v2\/pages\/1746","targetHints":{"allow":["GET"]}}],"collection":[{"href":"https:\/\/klikpbc.com\/vi\/wp-json\/wp\/v2\/pages"}],"about":[{"href":"https:\/\/klikpbc.com\/vi\/wp-json\/wp\/v2\/types\/page"}],"author":[{"embeddable":true,"href":"https:\/\/klikpbc.com\/vi\/wp-json\/wp\/v2\/users\/1"}],"replies":[{"embeddable":true,"href":"https:\/\/klikpbc.com\/vi\/wp-json\/wp\/v2\/comments?post=1746"}],"version-history":[{"count":13,"href":"https:\/\/klikpbc.com\/vi\/wp-json\/wp\/v2\/pages\/1746\/revisions"}],"predecessor-version":[{"id":2329,"href":"https:\/\/klikpbc.com\/vi\/wp-json\/wp\/v2\/pages\/1746\/revisions\/2329"}],"wp:attachment":[{"href":"https:\/\/klikpbc.com\/vi\/wp-json\/wp\/v2\/media?parent=1746"}],"curies":[{"name":"wp","href":"https:\/\/api.w.org\/{rel}","templated":true}]}}