{"id":1023,"date":"2024-09-12T02:03:43","date_gmt":"2024-09-12T02:03:43","guid":{"rendered":"https:\/\/klikpbc.com\/?page_id=1023"},"modified":"2024-10-11T15:21:55","modified_gmt":"2024-10-11T15:21:55","slug":"xm-giam-gia","status":"publish","type":"page","link":"https:\/\/klikpbc.com\/vi\/xm-rebate\/","title":{"rendered":"XM gi\u1ea3m gi\u00e1 keuntungan lebih unk trader forex"},"content":{"rendered":"<div data-elementor-type=\"wp-page\" data-elementor-id=\"1023\" class=\"elementor elementor-1023\" data-elementor-post-type=\"page\">\n\t\t\t\t<div class=\"elementor-element elementor-element-ae0a2e5 e-flex e-con-boxed e-con e-parent\" data-id=\"ae0a2e5\" data-element_type=\"container\" data-e-type=\"container\">\n\t\t\t\t\t<div class=\"e-con-inner\">\n\t\t\t\t<div class=\"elementor-element elementor-element-75dc1d8 elementor-widget elementor-widget-heading\" data-id=\"75dc1d8\" data-element_type=\"widget\" data-e-type=\"widget\" data-widget_type=\"heading.default\">\n\t\t\t\t<div class=\"elementor-widget-container\">\n\t\t\t\t\t<h1 class=\"elementor-heading-title elementor-size-default\">XM gi\u1ea3m gi\u00e1: Keuntungan Lebih Untuk Trader Forex<\/h1>\t\t\t\t<\/div>\n\t\t\t\t<\/div>\n\t\t\t\t\t<\/div>\n\t\t\t\t<\/div>\n\t\t<div class=\"elementor-element elementor-element-0c46ca7 e-flex e-con-boxed e-con e-parent\" data-id=\"0c46ca7\" data-element_type=\"container\" data-e-type=\"container\">\n\t\t\t\t\t<div class=\"e-con-inner\">\n\t\t\t\t<div class=\"elementor-element elementor-element-dece6c3 elementor-widget elementor-widget-text-editor\" data-id=\"dece6c3\" data-element_type=\"widget\" data-e-type=\"widget\" data-widget_type=\"text-editor.default\">\n\t\t\t\t<div class=\"elementor-widget-container\">\n\t\t\t\t\t\t\t\t\t<p>Dalam Dunia Giao d\u1ecbch Forex, Salah Satu Cara Untuk Mendapatkan Keuntungan Tambahan Adalah Dengan Menggunakan Ch\u01b0\u01a1ng tr\u00ecnh Gi\u1ea3m gi\u00e1. Salah Satu M\u00f4i gi\u1edbi Forex Terkemuka Yang Menawarkan Ch\u01b0\u01a1ng tr\u00ecnh Ini Adalah <strong>m\u00f4i gi\u1edbi xm<\/strong>. Dalam Artikel Ini, Kita Akan Membahas Apa Itu <strong>XM gi\u1ea3m gi\u00e1<\/strong>, Bagaimana Cara Kerjanya, Dan Manfaatnya Bagi Para.<\/p>\t\t\t\t\t\t\t\t<\/div>\n\t\t\t\t<\/div>\n\t\t\t\t\t<\/div>\n\t\t\t\t<\/div>\n\t\t<div class=\"elementor-element elementor-element-725026c e-flex e-con-boxed e-con e-parent\" data-id=\"725026c\" data-element_type=\"container\" data-e-type=\"container\">\n\t\t\t\t\t<div class=\"e-con-inner\">\n\t\t\t\t<div class=\"elementor-element elementor-element-2226ede elementor-widget elementor-widget-heading\" data-id=\"2226ede\" data-element_type=\"widget\" data-e-type=\"widget\" data-widget_type=\"heading.default\">\n\t\t\t\t<div class=\"elementor-widget-container\">\n\t\t\t\t\t<h2 class=\"elementor-heading-title elementor-size-default\">apa itu xm gi\u1ea3m gi\u00e1?<\/h2>\t\t\t\t<\/div>\n\t\t\t\t<\/div>\n\t\t\t\t\t<\/div>\n\t\t\t\t<\/div>\n\t\t<div class=\"elementor-element elementor-element-13bef86 e-flex e-con-boxed e-con e-parent\" data-id=\"13bef86\" data-element_type=\"container\" data-e-type=\"container\">\n\t\t\t\t\t<div class=\"e-con-inner\">\n\t\t\t\t<div class=\"elementor-element elementor-element-397126f elementor-widget elementor-widget-text-editor\" data-id=\"397126f\" data-element_type=\"widget\" data-e-type=\"widget\" data-widget_type=\"text-editor.default\">\n\t\t\t\t<div class=\"elementor-widget-container\">\n\t\t\t\t\t\t\t\t\t<p><strong>XM gi\u1ea3m gi\u00e1<\/strong> Ch\u01b0\u01a1ng tr\u00ecnh adalah Yang Memungkinkan th\u01b0\u01a1ng nh\u00e2n untuk Mendapatkan Sebagian dari lan truy\u1ec1n atau komisi yang mereka bayarkan kepada m\u00f4i gi\u1edbi xm saat melakukan trading. Singkatnya, Dengan setiap transaksi Yang Dilakukan, Sebagian Kecil dari Biaya Tersebut dikembalikan Kepada th\u01b0\u01a1ng nh\u00e2n Dalam Bentuk uang tunai atau kredit trading. ini memberikan keuntungan tambahan bagi para trader, di luar dari l\u1ee3i nhu\u1eadn yang diperoleh dari giao d\u1ecbch itu sendiri.<\/p>\t\t\t\t\t\t\t\t<\/div>\n\t\t\t\t<\/div>\n\t\t\t\t\t<\/div>\n\t\t\t\t<\/div>\n\t\t<div class=\"elementor-element elementor-element-62e63c1 e-flex e-con-boxed e-con e-parent\" data-id=\"62e63c1\" data-element_type=\"container\" data-e-type=\"container\">\n\t\t\t\t\t<div class=\"e-con-inner\">\n\t\t\t\t<div class=\"elementor-element elementor-element-c8a20a3 elementor-widget elementor-widget-heading\" data-id=\"c8a20a3\" data-element_type=\"widget\" data-e-type=\"widget\" data-widget_type=\"heading.default\">\n\t\t\t\t<div class=\"elementor-widget-container\">\n\t\t\t\t\t<h3 class=\"elementor-heading-title elementor-size-default\">Bagaimana Cara Kerjanya?<\/h3>\t\t\t\t<\/div>\n\t\t\t\t<\/div>\n\t\t\t\t\t<\/div>\n\t\t\t\t<\/div>\n\t\t<div class=\"elementor-element elementor-element-4cbc47c e-flex e-con-boxed e-con e-parent\" data-id=\"4cbc47c\" data-element_type=\"container\" data-e-type=\"container\">\n\t\t\t\t\t<div class=\"e-con-inner\">\n\t\t\t\t<div class=\"elementor-element elementor-element-d764eb4 elementor-widget elementor-widget-text-editor\" data-id=\"d764eb4\" data-element_type=\"widget\" data-e-type=\"widget\" data-widget_type=\"text-editor.default\">\n\t\t\t\t<div class=\"elementor-widget-container\">\n\t\t\t\t\t\t\t\t\t<p>V\u0103n xu\u00f4i gi\u1ea3m gi\u00e1 Cukup Sederhana. Setiap Kali Trader Membuka atau MenuTup Posisi Dalam Giao d\u1ecbch Forex, Mereka Membayar Spread (Selisih Antara Harga Jual Dan Beli) Atau Komisi. Ch\u01b0\u01a1ng tr\u00ecnh gi\u1ea3m gi\u00e1 melalui, nh\u00e0 m\u00f4i gi\u1edbi xm mengembalikan sebagian dari lan truy\u1ec1n atau komisi tersebut kepada th\u01b0\u01a1ng nh\u00e2n. Berikut Adalah Langkah-Langkah Umumnya:<\/p><ol><li><p><strong>Ch\u01b0\u01a1ng tr\u00ecnh gi\u1ea3m gi\u00e1 c\u1ee7a Daftar DI<\/strong>: Trader Harus Mendaftar di Ch\u01b0\u01a1ng tr\u00ecnh gi\u1ea3m gi\u00e1 Yang Ditawarkan oleh Broker XM atau Melalui Pihak Ketiga Yang Bekerja Sama Dengan Broker Tersebut.<\/p><\/li><li><p><strong>Giao d\u1ecbch Seperti Biasa<\/strong>: Setelah Terdaftar, th\u01b0\u01a1ng nh\u00e2n Dapat Melakukan giao d\u1ecbch Seperti Bisa. Tidak ada perubahan dalam cara kinh doanh atau instrumen Yang digunakan.<\/p><\/li><li><p><strong>Gi\u1ea3m gi\u00e1 dikreditkan<\/strong>: setelah transaksi ditutup, rebate akan otomatis dikreditkan ke akun trader dalam jangka waktu yang telah ditentukan. Jumlah gi\u1ea3m gi\u00e1 biasanya tergantung pada giao d\u1ecbch kh\u1ed1i l\u01b0\u1ee3ng Yang dilakukan.<\/p><\/li><li><p><strong>Penarikan Atau Penggunaan Kembali<\/strong>: Gi\u1ea3m gi\u00e1 Yang Dikreditkan ke Akun Trader Bisa Ditarik Langsung Sebagai uang tunai atau digunakan kembali untuk melakukan trading.<\/p><\/li><\/ol>\t\t\t\t\t\t\t\t<\/div>\n\t\t\t\t<\/div>\n\t\t\t\t\t<\/div>\n\t\t\t\t<\/div>\n\t\t<div class=\"elementor-element elementor-element-5271a22 e-flex e-con-boxed e-con e-parent\" data-id=\"5271a22\" data-element_type=\"container\" data-e-type=\"container\">\n\t\t\t\t\t<div class=\"e-con-inner\">\n\t\t\t\t<div class=\"elementor-element elementor-element-b0c7e7c elementor-widget elementor-widget-heading\" data-id=\"b0c7e7c\" data-element_type=\"widget\" data-e-type=\"widget\" data-widget_type=\"heading.default\">\n\t\t\t\t<div class=\"elementor-widget-container\">\n\t\t\t\t\t<h3 class=\"elementor-heading-title elementor-size-default\">Keuntungan Meggunakan XM<\/h3>\t\t\t\t<\/div>\n\t\t\t\t<\/div>\n\t\t\t\t\t<\/div>\n\t\t\t\t<\/div>\n\t\t<div class=\"elementor-element elementor-element-bbe99b7 e-flex e-con-boxed e-con e-parent\" data-id=\"bbe99b7\" data-element_type=\"container\" data-e-type=\"container\">\n\t\t\t\t\t<div class=\"e-con-inner\">\n\t\t\t\t<div class=\"elementor-element elementor-element-6f84d54 elementor-widget elementor-widget-text-editor\" data-id=\"6f84d54\" data-element_type=\"widget\" data-e-type=\"widget\" data-widget_type=\"text-editor.default\">\n\t\t\t\t<div class=\"elementor-widget-container\">\n\t\t\t\t\t\t\t\t\t<ul><li><p><strong>MenGurangi Biaya Giao d\u1ecbch<\/strong>: Gi\u1ea3m gi\u00e1 Membantu Mengrangi Biaya Giao d\u1ecbch Secara Kesara Keseluruhan. Sebagian dari lan truy\u1ec1n atau komisi yang dibayar akan kembali ke trader, Yang berarti merek dapat meningkatkan keuntungan mereka atau mengrangi kerugian.<\/p><\/li><li><p><strong>Tersedia untuk Semua Jenis Akun<\/strong>: XM Menyediakan Ch\u01b0\u01a1ng tr\u00ecnh gi\u1ea3m gi\u00e1 untuk hampir semua jenis akun, baik itu akun mikro, standar, atau xm c\u1ef1c th\u1ea5p. INI Memberikan Fleksibilitas Bagi Trader Dari Berbagai Tingkat Pengalaman Dan Modal.<\/p><\/li><li><p><strong>Transparansi Dan Otomatisasi<\/strong>: Proses rebate di xm DiLakukan Secara Otomatis, Yang Berarti Trader Tidak Perlu Melakukan Klaim. setiap transaksi yang memenuhi syarat akan otomatis mendapapatkan rebate Yang dikreditkan ke akun mereka.<\/p><\/li><li><p><strong>Cair Kapan Saja<\/strong>: Gi\u1ea3m gi\u00e1 Yang Diterima Bisa Langsung DiAirkan Atau Digunakan Kembali unk Trading, Memberikan Fleksibilitas Penuh Bagi Trader Dalam Mengelola Dananya.<\/p><\/li><\/ul>\t\t\t\t\t\t\t\t<\/div>\n\t\t\t\t<\/div>\n\t\t\t\t\t<\/div>\n\t\t\t\t<\/div>\n\t\t<div class=\"elementor-element elementor-element-4f143ca e-flex e-con-boxed e-con e-parent\" data-id=\"4f143ca\" data-element_type=\"container\" data-e-type=\"container\">\n\t\t\t\t\t<div class=\"e-con-inner\">\n\t\t\t\t<div class=\"elementor-element elementor-element-48959d1 elementor-widget elementor-widget-heading\" data-id=\"48959d1\" data-element_type=\"widget\" data-e-type=\"widget\" data-widget_type=\"heading.default\">\n\t\t\t\t<div class=\"elementor-widget-container\">\n\t\t\t\t\t<h4 class=\"elementor-heading-title elementor-size-default\">Megapa Memilih XM?<\/h4>\t\t\t\t<\/div>\n\t\t\t\t<\/div>\n\t\t\t\t\t<\/div>\n\t\t\t\t<\/div>\n\t\t<div class=\"elementor-element elementor-element-7048524 e-flex e-con-boxed e-con e-parent\" data-id=\"7048524\" data-element_type=\"container\" data-e-type=\"container\">\n\t\t\t\t\t<div class=\"e-con-inner\">\n\t\t\t\t<div class=\"elementor-element elementor-element-39c79ad elementor-widget elementor-widget-text-editor\" data-id=\"39c79ad\" data-element_type=\"widget\" data-e-type=\"widget\" data-widget_type=\"text-editor.default\">\n\t\t\t\t<div class=\"elementor-widget-container\">\n\t\t\t\t\t\t\t\t\t<p>Nh\u00e0 m\u00f4i gi\u1edbi XM Adalah Salah M\u00f4i gi\u1edbi Forex Global Yang Paling Dipercaya, Beroperasi di Lebih dari 190 Negara dengan Jutaan Trader Aktif. Nh\u00e0 m\u00f4i gi\u1edbi ini dikenal dengan giao d\u1ecbch Yang Andal, spread kompetitif, Serta layanan pelanggan yang responsif. Ch\u01b0\u01a1ng tr\u00ecnh gi\u1ea3m gi\u00e1 XM adalah salah satu fitur yang dirancang untuk memberikan nilai tambah bagi para trader, baik yang bau maupun pupun yang berpengalaman.<\/p>\t\t\t\t\t\t\t\t<\/div>\n\t\t\t\t<\/div>\n\t\t\t\t\t<\/div>\n\t\t\t\t<\/div>\n\t\t<div class=\"elementor-element elementor-element-bd42c14 e-flex e-con-boxed e-con e-parent\" data-id=\"bd42c14\" data-element_type=\"container\" data-e-type=\"container\">\n\t\t\t\t\t<div class=\"e-con-inner\">\n\t\t\t\t<div class=\"elementor-element elementor-element-798a2d6 elementor-widget elementor-widget-button\" data-id=\"798a2d6\" data-element_type=\"widget\" data-e-type=\"widget\" data-widget_type=\"button.default\">\n\t\t\t\t<div class=\"elementor-widget-container\">\n\t\t\t\t\t\t\t\t\t<div class=\"elementor-button-wrapper\">\n\t\t\t\t\t<a class=\"elementor-button elementor-button-link elementor-size-sm\" href=\"https:\/\/klikpbc.com\/vi\/giam-gia-xm-indonesia\/\">\n\t\t\t\t\t\t<span class=\"elementor-button-content-wrapper\">\n\t\t\t\t\t\t\t\t\t<span class=\"elementor-button-text\">Gi\u1ea3m gi\u00e1 XM Klik Disini<\/span>\n\t\t\t\t\t<\/span>\n\t\t\t\t\t<\/a>\n\t\t\t\t<\/div>\n\t\t\t\t\t\t\t\t<\/div>\n\t\t\t\t<\/div>\n\t\t\t\t\t<\/div>\n\t\t\t\t<\/div>\n\t\t\t\t<\/div>","protected":false},"excerpt":{"rendered":"<p>XM Rebate: Keuntungan Lebih untuk Trader Forex Dalam dunia trading forex, salah satu cara untuk mendapatkan keuntungan tambahan adalah dengan [&hellip;]<\/p>\n","protected":false},"author":1,"featured_media":0,"parent":0,"menu_order":0,"comment_status":"closed","ping_status":"closed","template":"","meta":{"site-sidebar-layout":"no-sidebar","site-content-layout":"","ast-site-content-layout":"full-width-container","site-content-style":"default","site-sidebar-style":"default","ast-global-header-display":"","ast-banner-title-visibility":"","ast-main-header-display":"","ast-hfb-above-header-display":"","ast-hfb-below-header-display":"","ast-hfb-mobile-header-display":"","site-post-title":"disabled","ast-breadcrumbs-content":"","ast-featured-img":"disabled","footer-sml-layout":"","ast-disable-related-posts":"","theme-transparent-header-meta":"default","adv-header-id-meta":"","stick-header-meta":"","header-above-stick-meta":"","header-main-stick-meta":"","header-below-stick-meta":"","astra-migrate-meta-layouts":"set","ast-page-background-enabled":"default","ast-page-background-meta":{"desktop":{"background-color":"var(--ast-global-color-4)","background-image":"","background-repeat":"repeat","background-position":"center center","background-size":"auto","background-attachment":"scroll","background-type":"","background-media":"","overlay-type":"","overlay-color":"","overlay-opacity":"","overlay-gradient":""},"tablet":{"background-color":"","background-image":"","background-repeat":"repeat","background-position":"center center","background-size":"auto","background-attachment":"scroll","background-type":"","background-media":"","overlay-type":"","overlay-color":"","overlay-opacity":"","overlay-gradient":""},"mobile":{"background-color":"","background-image":"","background-repeat":"repeat","background-position":"center center","background-size":"auto","background-attachment":"scroll","background-type":"","background-media":"","overlay-type":"","overlay-color":"","overlay-opacity":"","overlay-gradient":""}},"ast-content-background-meta":{"desktop":{"background-color":"var(--ast-global-color-5)","background-image":"","background-repeat":"repeat","background-position":"center center","background-size":"auto","background-attachment":"scroll","background-type":"","background-media":"","overlay-type":"","overlay-color":"","overlay-opacity":"","overlay-gradient":""},"tablet":{"background-color":"var(--ast-global-color-5)","background-image":"","background-repeat":"repeat","background-position":"center center","background-size":"auto","background-attachment":"scroll","background-type":"","background-media":"","overlay-type":"","overlay-color":"","overlay-opacity":"","overlay-gradient":""},"mobile":{"background-color":"var(--ast-global-color-5)","background-image":"","background-repeat":"repeat","background-position":"center center","background-size":"auto","background-attachment":"scroll","background-type":"","background-media":"","overlay-type":"","overlay-color":"","overlay-opacity":"","overlay-gradient":""}},"footnotes":""},"class_list":["post-1023","page","type-page","status-publish","hentry"],"_links":{"self":[{"href":"https:\/\/klikpbc.com\/vi\/wp-json\/wp\/v2\/pages\/1023","targetHints":{"allow":["GET"]}}],"collection":[{"href":"https:\/\/klikpbc.com\/vi\/wp-json\/wp\/v2\/pages"}],"about":[{"href":"https:\/\/klikpbc.com\/vi\/wp-json\/wp\/v2\/types\/page"}],"author":[{"embeddable":true,"href":"https:\/\/klikpbc.com\/vi\/wp-json\/wp\/v2\/users\/1"}],"replies":[{"embeddable":true,"href":"https:\/\/klikpbc.com\/vi\/wp-json\/wp\/v2\/comments?post=1023"}],"version-history":[{"count":11,"href":"https:\/\/klikpbc.com\/vi\/wp-json\/wp\/v2\/pages\/1023\/revisions"}],"predecessor-version":[{"id":1230,"href":"https:\/\/klikpbc.com\/vi\/wp-json\/wp\/v2\/pages\/1023\/revisions\/1230"}],"wp:attachment":[{"href":"https:\/\/klikpbc.com\/vi\/wp-json\/wp\/v2\/media?parent=1023"}],"curies":[{"name":"wp","href":"https:\/\/api.w.org\/{rel}","templated":true}]}}