{"id":1023,"date":"2024-09-12T02:03:43","date_gmt":"2024-09-12T02:03:43","guid":{"rendered":"https:\/\/klikpbc.com\/?page_id=1023"},"modified":"2024-10-11T15:21:55","modified_gmt":"2024-10-11T15:21:55","slug":"xm-indirimi","status":"publish","type":"page","link":"https:\/\/klikpbc.com\/tr\/xm-rebate\/","title":{"rendered":"XM \u0130ndirim Keuntungan Lebih Untuk T\u00fcccar Forex"},"content":{"rendered":"<div data-elementor-type=\"wp-page\" data-elementor-id=\"1023\" class=\"elementor elementor-1023\" data-elementor-post-type=\"page\">\n\t\t\t\t<div class=\"elementor-element elementor-element-ae0a2e5 e-flex e-con-boxed e-con e-parent\" data-id=\"ae0a2e5\" data-element_type=\"container\" data-e-type=\"container\">\n\t\t\t\t\t<div class=\"e-con-inner\">\n\t\t\t\t<div class=\"elementor-element elementor-element-75dc1d8 elementor-widget elementor-widget-heading\" data-id=\"75dc1d8\" data-element_type=\"widget\" data-e-type=\"widget\" data-widget_type=\"heading.default\">\n\t\t\t\t<div class=\"elementor-widget-container\">\n\t\t\t\t\t<h1 class=\"elementor-heading-title elementor-size-default\">XM \u0130ndirimi: Keuntungan Lebih Untuk T\u00fcccar Forex<\/h1>\t\t\t\t<\/div>\n\t\t\t\t<\/div>\n\t\t\t\t\t<\/div>\n\t\t\t\t<\/div>\n\t\t<div class=\"elementor-element elementor-element-0c46ca7 e-flex e-con-boxed e-con e-parent\" data-id=\"0c46ca7\" data-element_type=\"container\" data-e-type=\"container\">\n\t\t\t\t\t<div class=\"e-con-inner\">\n\t\t\t\t<div class=\"elementor-element elementor-element-dece6c3 elementor-widget elementor-widget-text-editor\" data-id=\"dece6c3\" data-element_type=\"widget\" data-e-type=\"widget\" data-widget_type=\"text-editor.default\">\n\t\t\t\t<div class=\"elementor-widget-container\">\n\t\t\t\t\t\t\t\t\t<p>Dalam Dunia ticaret forex, salah satu cara untuk mendapatkan keuntungan tambahan adalah dengan menggankan program\u0131 indirim. Salah Satu Broker Forex Terkemuka Yang Menawarkan Program\u0131 Ini Adalah <strong>XM komisyoncusu<\/strong>. Dalam Artikel Ini, Kita Akan Membahaas Apa Itu <strong>XM \u0130ndirimi<\/strong>, Bagaimana Cara Kerjanya, Dan Manfaatnya Bagi Para Trader.<\/p>\t\t\t\t\t\t\t\t<\/div>\n\t\t\t\t<\/div>\n\t\t\t\t\t<\/div>\n\t\t\t\t<\/div>\n\t\t<div class=\"elementor-element elementor-element-725026c e-flex e-con-boxed e-con e-parent\" data-id=\"725026c\" data-element_type=\"container\" data-e-type=\"container\">\n\t\t\t\t\t<div class=\"e-con-inner\">\n\t\t\t\t<div class=\"elementor-element elementor-element-2226ede elementor-widget elementor-widget-heading\" data-id=\"2226ede\" data-element_type=\"widget\" data-e-type=\"widget\" data-widget_type=\"heading.default\">\n\t\t\t\t<div class=\"elementor-widget-container\">\n\t\t\t\t\t<h2 class=\"elementor-heading-title elementor-size-default\">APA ITU XM \u0130ndirimi?<\/h2>\t\t\t\t<\/div>\n\t\t\t\t<\/div>\n\t\t\t\t\t<\/div>\n\t\t\t\t<\/div>\n\t\t<div class=\"elementor-element elementor-element-13bef86 e-flex e-con-boxed e-con e-parent\" data-id=\"13bef86\" data-element_type=\"container\" data-e-type=\"container\">\n\t\t\t\t\t<div class=\"e-con-inner\">\n\t\t\t\t<div class=\"elementor-element elementor-element-397126f elementor-widget elementor-widget-text-editor\" data-id=\"397126f\" data-element_type=\"widget\" data-e-type=\"widget\" data-widget_type=\"text-editor.default\">\n\t\t\t\t<div class=\"elementor-widget-container\">\n\t\t\t\t\t\t\t\t\t<p><strong>XM \u0130ndirimi<\/strong> Adalah program\u0131 yang memungkinkan t\u00fcccar untuk mendapatkan sebagian dari yay\u0131ld\u0131 atau komisi yang mereka bayarkan kepada komisyoncu xm saat melakukan ticareti. Singkatnya, Dengan Setiap Transaksi Yang Dilakukan, Sebagian Kecil Dari Biaya Tersebut Dikembalikan Kepada T\u00fcccar Dalam Bentuk Uang Tunai Atau Kredi Ticaret. INI \u00dcyesikan Keuntungan Tambahan Bagi Para Trader, Di luar dari kar\u0131 Yang Diperoleh dari ticareti itu sendiri.<\/p>\t\t\t\t\t\t\t\t<\/div>\n\t\t\t\t<\/div>\n\t\t\t\t\t<\/div>\n\t\t\t\t<\/div>\n\t\t<div class=\"elementor-element elementor-element-62e63c1 e-flex e-con-boxed e-con e-parent\" data-id=\"62e63c1\" data-element_type=\"container\" data-e-type=\"container\">\n\t\t\t\t\t<div class=\"e-con-inner\">\n\t\t\t\t<div class=\"elementor-element elementor-element-c8a20a3 elementor-widget elementor-widget-heading\" data-id=\"c8a20a3\" data-element_type=\"widget\" data-e-type=\"widget\" data-widget_type=\"heading.default\">\n\t\t\t\t<div class=\"elementor-widget-container\">\n\t\t\t\t\t<h3 class=\"elementor-heading-title elementor-size-default\">Bagaimana Cara Kerjanya?<\/h3>\t\t\t\t<\/div>\n\t\t\t\t<\/div>\n\t\t\t\t\t<\/div>\n\t\t\t\t<\/div>\n\t\t<div class=\"elementor-element elementor-element-4cbc47c e-flex e-con-boxed e-con e-parent\" data-id=\"4cbc47c\" data-element_type=\"container\" data-e-type=\"container\">\n\t\t\t\t\t<div class=\"e-con-inner\">\n\t\t\t\t<div class=\"elementor-element elementor-element-d764eb4 elementor-widget elementor-widget-text-editor\" data-id=\"d764eb4\" data-element_type=\"widget\" data-e-type=\"widget\" data-widget_type=\"text-editor.default\">\n\t\t\t\t<div class=\"elementor-widget-container\">\n\t\t\t\t\t\t\t\t\t<p>D\u00fczyaz\u0131lar Cukup Sederhana'y\u0131 azarl\u0131yor. Setiap Kali T\u00fcccar Membuka Atau Menuup Posisi Dalam Ticaret Forex, Mereka Membayar Spread (Selisih Antara Harga Jual Dan Beli) Atau Komisi. Melalui program\u0131 indirimi, komisyoncu XM Mengembalikan Sebagian Dari, Atau Komisi Tersebut Kepada Trader'\u0131 yayd\u0131. Berikut Adalah Langkah-Langkah \u00dcmn\u00fcya:<\/p><ol><li><p><strong>Daftar Di Program \u0130ndirimi XM<\/strong>: T\u00fcccar Harus Mendaftar Di Program \u0130ndirim Yang Ditawarkan Oleh Broker XM Atau Melalui Pihak Ketiga Yang Bekerja Sama Dengan Broker Tersebut.<\/p><\/li><li><p><strong>Seperti Biasa'n\u0131n ticareti<\/strong>: Setelah Terdaftar, T\u00fcccar Dapat Melakukan Ticaret Seperti Biasa. Tidak Ada Perubahan Dalam Cara Ticaret Atau Instrumen Yang Digunakan.<\/p><\/li><li><p><strong>indirim dikreditkan<\/strong>: Setelah Transaksi Ditutup, \u0130ndirim Akan Otomatis Dikreditkan Ke Akun Trader Dalam Jangka Waktu Yang Telah Ditentukan. Jumlah indirimi Biasanya Tergantung Pada hacim ticareti Yang Dilakukan.<\/p><\/li><li><p><strong>Penarikan Atau Penggunaan Kembali<\/strong>: \u0130ndirim Yang Dikreditkan Ke Akun Trader Bisa Ditarik Langsung Sebagai Uang Tunai Atau Digunakan Kembali Untuk Melakukan Ticareti.<\/p><\/li><\/ol>\t\t\t\t\t\t\t\t<\/div>\n\t\t\t\t<\/div>\n\t\t\t\t\t<\/div>\n\t\t\t\t<\/div>\n\t\t<div class=\"elementor-element elementor-element-5271a22 e-flex e-con-boxed e-con e-parent\" data-id=\"5271a22\" data-element_type=\"container\" data-e-type=\"container\">\n\t\t\t\t\t<div class=\"e-con-inner\">\n\t\t\t\t<div class=\"elementor-element elementor-element-b0c7e7c elementor-widget elementor-widget-heading\" data-id=\"b0c7e7c\" data-element_type=\"widget\" data-e-type=\"widget\" data-widget_type=\"heading.default\">\n\t\t\t\t<div class=\"elementor-widget-container\">\n\t\t\t\t\t<h3 class=\"elementor-heading-title elementor-size-default\">Keuntungan Menggunakan XM \u0130ndirimi<\/h3>\t\t\t\t<\/div>\n\t\t\t\t<\/div>\n\t\t\t\t\t<\/div>\n\t\t\t\t<\/div>\n\t\t<div class=\"elementor-element elementor-element-bbe99b7 e-flex e-con-boxed e-con e-parent\" data-id=\"bbe99b7\" data-element_type=\"container\" data-e-type=\"container\">\n\t\t\t\t\t<div class=\"e-con-inner\">\n\t\t\t\t<div class=\"elementor-element elementor-element-6f84d54 elementor-widget elementor-widget-text-editor\" data-id=\"6f84d54\" data-element_type=\"widget\" data-e-type=\"widget\" data-widget_type=\"text-editor.default\">\n\t\t\t\t<div class=\"elementor-widget-container\">\n\t\t\t\t\t\t\t\t\t<ul><li><p><strong>Mengurangi Biyaya Ticaret<\/strong>: \u0130ndirim Membantu Mengurangi Biaya Ticaret Secara Keseluruhan. Sebagian Dari, Atau Komisi Yang Dibayar Akan Kembali Ke Trader, Yang Berarti Mereka Dapat Meningkatkan Keuntungan Mereka Atau Mengurangi Kerugian.<\/p><\/li><li><p><strong>Tersedia Untuk Semua Jenis Akun<\/strong>: XM MenyeDiakan Program \u0130ndirimi Untuk Hampir Semua Jenis Akun, Baik Itu Akun Mikro, Standar, AtaU XM Ultra D\u00fc\u015f\u00fck. INI \u00dcyesikan Fleksibilitas Bagi T\u00fcccar Dari Berbagai Tingkat Pengalaman Dan Modal.<\/p><\/li><li><p><strong>Transparansi Dan Otomatisasi<\/strong>: Proses indirim di xm dilakukan secara otomatis, yang berarti t\u00fcccar tidak perlu melakukan klaim k\u0131lavuzu. Setiap Transaksi Yang Memenuhi Syarat Akan Otomatis Mendapatkan \u0130ndirim Yang Dikreditkan Ke Akun Mereka.<\/p><\/li><li><p><strong>Cair Kapan Saja<\/strong>: \u0130ndirim Yang Diterima Bisa Langsung Diairkan Atau Digunakan Kembali Untuk Ticaret, \u00dcyelikan Fleksibilitas Penuh Bagi T\u00fcccar Dalam Mengelola Dananya.<\/p><\/li><\/ul>\t\t\t\t\t\t\t\t<\/div>\n\t\t\t\t<\/div>\n\t\t\t\t\t<\/div>\n\t\t\t\t<\/div>\n\t\t<div class=\"elementor-element elementor-element-4f143ca e-flex e-con-boxed e-con e-parent\" data-id=\"4f143ca\" data-element_type=\"container\" data-e-type=\"container\">\n\t\t\t\t\t<div class=\"e-con-inner\">\n\t\t\t\t<div class=\"elementor-element elementor-element-48959d1 elementor-widget elementor-widget-heading\" data-id=\"48959d1\" data-element_type=\"widget\" data-e-type=\"widget\" data-widget_type=\"heading.default\">\n\t\t\t\t<div class=\"elementor-widget-container\">\n\t\t\t\t\t<h4 class=\"elementor-heading-title elementor-size-default\">Mengapa Memilih XM?<\/h4>\t\t\t\t<\/div>\n\t\t\t\t<\/div>\n\t\t\t\t\t<\/div>\n\t\t\t\t<\/div>\n\t\t<div class=\"elementor-element elementor-element-7048524 e-flex e-con-boxed e-con e-parent\" data-id=\"7048524\" data-element_type=\"container\" data-e-type=\"container\">\n\t\t\t\t\t<div class=\"e-con-inner\">\n\t\t\t\t<div class=\"elementor-element elementor-element-39c79ad elementor-widget elementor-widget-text-editor\" data-id=\"39c79ad\" data-element_type=\"widget\" data-e-type=\"widget\" data-widget_type=\"text-editor.default\">\n\t\t\t\t<div class=\"elementor-widget-container\">\n\t\t\t\t\t\t\t\t\t<p>XM Broker Adalah Salah Satu Broker Forex Global Yang Paling Dipercaya, Beroperasi di Lebih Dari 190 Negara Dengan Jutaan Trader Aktif. Broker inikan dengan platformu ticareti yang andal, yay\u0131ld\u0131 kompetitif, serta layanan plananggan yang responsif. \u0130ndirim XM Adalah Salah Satu Fitur Yang Dirancang Untuk \u00dcyelikan Nilai Tambah Bagi Para Trader, Baik Yang Baru Maupun Yang Berpengalaman.<\/p>\t\t\t\t\t\t\t\t<\/div>\n\t\t\t\t<\/div>\n\t\t\t\t\t<\/div>\n\t\t\t\t<\/div>\n\t\t<div class=\"elementor-element elementor-element-bd42c14 e-flex e-con-boxed e-con e-parent\" data-id=\"bd42c14\" data-element_type=\"container\" data-e-type=\"container\">\n\t\t\t\t\t<div class=\"e-con-inner\">\n\t\t\t\t<div class=\"elementor-element elementor-element-798a2d6 elementor-widget elementor-widget-button\" data-id=\"798a2d6\" data-element_type=\"widget\" data-e-type=\"widget\" data-widget_type=\"button.default\">\n\t\t\t\t<div class=\"elementor-widget-container\">\n\t\t\t\t\t\t\t\t\t<div class=\"elementor-button-wrapper\">\n\t\t\t\t\t<a class=\"elementor-button elementor-button-link elementor-size-sm\" href=\"https:\/\/klikpbc.com\/tr\/iade-xm-endonezya\/\">\n\t\t\t\t\t\t<span class=\"elementor-button-content-wrapper\">\n\t\t\t\t\t\t\t\t\t<span class=\"elementor-button-text\">XM Klik Disini \u0130ndir<\/span>\n\t\t\t\t\t<\/span>\n\t\t\t\t\t<\/a>\n\t\t\t\t<\/div>\n\t\t\t\t\t\t\t\t<\/div>\n\t\t\t\t<\/div>\n\t\t\t\t\t<\/div>\n\t\t\t\t<\/div>\n\t\t\t\t<\/div>","protected":false},"excerpt":{"rendered":"<p>XM Rebate: Keuntungan Lebih untuk Trader Forex Dalam dunia trading forex, salah satu cara untuk mendapatkan keuntungan tambahan adalah dengan [&hellip;]<\/p>\n","protected":false},"author":1,"featured_media":0,"parent":0,"menu_order":0,"comment_status":"closed","ping_status":"closed","template":"","meta":{"site-sidebar-layout":"no-sidebar","site-content-layout":"","ast-site-content-layout":"full-width-container","site-content-style":"default","site-sidebar-style":"default","ast-global-header-display":"","ast-banner-title-visibility":"","ast-main-header-display":"","ast-hfb-above-header-display":"","ast-hfb-below-header-display":"","ast-hfb-mobile-header-display":"","site-post-title":"disabled","ast-breadcrumbs-content":"","ast-featured-img":"disabled","footer-sml-layout":"","ast-disable-related-posts":"","theme-transparent-header-meta":"default","adv-header-id-meta":"","stick-header-meta":"","header-above-stick-meta":"","header-main-stick-meta":"","header-below-stick-meta":"","astra-migrate-meta-layouts":"set","ast-page-background-enabled":"default","ast-page-background-meta":{"desktop":{"background-color":"var(--ast-global-color-4)","background-image":"","background-repeat":"repeat","background-position":"center center","background-size":"auto","background-attachment":"scroll","background-type":"","background-media":"","overlay-type":"","overlay-color":"","overlay-opacity":"","overlay-gradient":""},"tablet":{"background-color":"","background-image":"","background-repeat":"repeat","background-position":"center center","background-size":"auto","background-attachment":"scroll","background-type":"","background-media":"","overlay-type":"","overlay-color":"","overlay-opacity":"","overlay-gradient":""},"mobile":{"background-color":"","background-image":"","background-repeat":"repeat","background-position":"center center","background-size":"auto","background-attachment":"scroll","background-type":"","background-media":"","overlay-type":"","overlay-color":"","overlay-opacity":"","overlay-gradient":""}},"ast-content-background-meta":{"desktop":{"background-color":"var(--ast-global-color-5)","background-image":"","background-repeat":"repeat","background-position":"center center","background-size":"auto","background-attachment":"scroll","background-type":"","background-media":"","overlay-type":"","overlay-color":"","overlay-opacity":"","overlay-gradient":""},"tablet":{"background-color":"var(--ast-global-color-5)","background-image":"","background-repeat":"repeat","background-position":"center center","background-size":"auto","background-attachment":"scroll","background-type":"","background-media":"","overlay-type":"","overlay-color":"","overlay-opacity":"","overlay-gradient":""},"mobile":{"background-color":"var(--ast-global-color-5)","background-image":"","background-repeat":"repeat","background-position":"center center","background-size":"auto","background-attachment":"scroll","background-type":"","background-media":"","overlay-type":"","overlay-color":"","overlay-opacity":"","overlay-gradient":""}},"footnotes":""},"class_list":["post-1023","page","type-page","status-publish","hentry"],"_links":{"self":[{"href":"https:\/\/klikpbc.com\/tr\/wp-json\/wp\/v2\/pages\/1023","targetHints":{"allow":["GET"]}}],"collection":[{"href":"https:\/\/klikpbc.com\/tr\/wp-json\/wp\/v2\/pages"}],"about":[{"href":"https:\/\/klikpbc.com\/tr\/wp-json\/wp\/v2\/types\/page"}],"author":[{"embeddable":true,"href":"https:\/\/klikpbc.com\/tr\/wp-json\/wp\/v2\/users\/1"}],"replies":[{"embeddable":true,"href":"https:\/\/klikpbc.com\/tr\/wp-json\/wp\/v2\/comments?post=1023"}],"version-history":[{"count":11,"href":"https:\/\/klikpbc.com\/tr\/wp-json\/wp\/v2\/pages\/1023\/revisions"}],"predecessor-version":[{"id":1230,"href":"https:\/\/klikpbc.com\/tr\/wp-json\/wp\/v2\/pages\/1023\/revisions\/1230"}],"wp:attachment":[{"href":"https:\/\/klikpbc.com\/tr\/wp-json\/wp\/v2\/media?parent=1023"}],"curies":[{"name":"wp","href":"https:\/\/api.w.org\/{rel}","templated":true}]}}