{"id":2033,"date":"2025-09-26T06:47:25","date_gmt":"2025-09-26T06:47:25","guid":{"rendered":"https:\/\/klikpbc.com\/?page_id=2033"},"modified":"2025-11-07T04:41:36","modified_gmt":"2025-11-07T04:41:36","slug":"rebate-do-corretor-de-windsor","status":"publish","type":"page","link":"https:\/\/klikpbc.com\/pt\/windsor-broker-rebate\/","title":{"rendered":"Rebate dos corretores de Windsor | Sobre Windsor | Registro de conta | M\u00e9todos de dep\u00f3sito e retirada"},"content":{"rendered":"<div data-elementor-type=\"wp-page\" data-elementor-id=\"2033\" class=\"elementor elementor-2033\" data-elementor-post-type=\"page\">\n\t\t\t\t<div class=\"elementor-element elementor-element-eb772c9 e-flex e-con-boxed e-con e-parent\" data-id=\"eb772c9\" data-element_type=\"container\" data-e-type=\"container\">\n\t\t\t\t\t<div class=\"e-con-inner\">\n\t\t<div class=\"elementor-element elementor-element-2eb3d5c e-con-full e-flex e-con e-child\" data-id=\"2eb3d5c\" data-element_type=\"container\" data-e-type=\"container\">\n\t\t\t\t<div class=\"elementor-element elementor-element-21c88cd elementor-widget elementor-widget-html\" data-id=\"21c88cd\" data-element_type=\"widget\" data-e-type=\"widget\" data-widget_type=\"html.default\">\n\t\t\t\t<div class=\"elementor-widget-container\">\n\t\t\t\t\t<!doctype html>\r\n<html lang=\"en\">\r\n<head>\r\n  <meta charset=\"utf-8\" \/>\r\n  <meta name=\"viewport\" content=\"width=device-width,initial-scale=1\" \/>\r\n  <title>Perfil do Windsor Brokers | Tipos de conta e vantagens do corretor<\/title>\r\n  <meta name=\"description\" content=\"Aprenda sobre o perfil, vantagens, tipos de conta de negocia\u00e7\u00e3o (prime, zero, vip zero, centavos), e como abrir uma conta, alterar o IB ou registrar uma conta do Windsor Brokers.\" \/>\r\n  <meta name=\"keywords\" content=\"Windsor Brokers, Windsor Brokers profile, Windsor Brokers account types, how to register Windsor Brokers, change IB Windsor Brokers\" \/>\r\n  <script src=\"https:\/\/unpkg.com\/lucide@latest\"><\/script>\r\n  <style>\r\n    body {font-family: Arial, sans-serif; margin:0; padding:0; background:#fff; color:#333; line-height:1.6;}\r\n    header {background:#b30000; color:#fff; padding:40px 20px; text-align:center;}\r\n    header h1 {margin:0; font-size:2rem;}\r\n    header p {margin-top:10px;}\r\n    section {padding:40px 20px; max-width:1200px; margin:auto;}\r\n    h2 {color:#b30000; margin-bottom:20px;}\r\n    .table-profile {width:100%; border-collapse:collapse; margin-bottom:30px;}\r\n    .table-profile th, .table-profile td {border:1px solid #ddd; padding:12px; text-align:left;}\r\n    .table-profile th {background:#b30000; color:#fff;}\r\n    .feature-grid {display:grid; grid-template-columns:repeat(auto-fit,minmax(250px,1fr)); gap:20px;}\r\n    .feature-box {background:#f9f9f9; border-radius:12px; padding:20px; text-align:center; box-shadow:0 3px 8px rgba(0,0,0,0.08);}\r\n    .feature-box svg {width:40px; height:40px; color:#b30000; margin-bottom:10px;}\r\n    .account-grid {display:grid; grid-template-columns:repeat(auto-fit,minmax(280px,1fr)); gap:20px;}\r\n    .account-box {background:#f9f9f9; border-radius:12px; padding:20px; box-shadow:0 3px 8px rgba(0,0,0,0.08);}\r\n    .account-box h3 {color:#b30000; margin-top:0;}\r\n    ul {list-style:disc; margin-left:20px;}\r\n    .cta-section {background:#b30000; color:#fff; text-align:center; padding:50px 20px; border-radius:12px; margin-top:40px;}\r\n    .cta-btn {display:inline-block; background:#fff; color:#b30000; padding:12px 20px; border-radius:8px; text-decoration:none; margin:10px; font-weight:bold; transition:0.3s;}\r\n    .cta-btn:hover {background:#f1f1f1;}\r\n    @media(max-width:768px){\r\n      section {padding:20px;}\r\n    }\r\n  <\/style>\r\n<\/head>\r\n<body>\r\n\r\n<header>\r\n  <h1>Perfil de corretores de Windsor<\/h1>\r\n  <p>Corretor Forex global com experi\u00eancia desde 1988 e regulamenta\u00e7\u00e3o confi\u00e1vel<\/p>\r\n<\/header>\r\n\r\n<!-- Profile Section -->\r\n<section>\r\n  <h2>Vis\u00e3o geral dos corretores de Windsor<\/h2>\r\n  <table class=\"table-profile\">\r\n    <tr>\r\n      <th><i data-lucide=\"building\"><\/i> companhia<\/th>\r\n      <td>Windsor Brokers Ltd<\/td>\r\n    <\/tr>\r\n    <tr>\r\n      <th><i data-lucide=\"map\"><\/i> fundado<\/th>\r\n      <td>1988<\/td>\r\n    <\/tr>\r\n    <tr>\r\n      <th><i data-lucide=\"globe\"><\/i> regulamento<\/th>\r\n      <td>CySEC, IFSC, JSC<\/td>\r\n    <\/tr>\r\n    <tr>\r\n      <th><i data-lucide=\"shield\"><\/i> seguran\u00e7a<\/th>\r\n      <td>Fundos segregados de clientes, prote\u00e7\u00e3o contra saldo negativo<\/td>\r\n    <\/tr>\r\n    <tr>\r\n      <th><i data-lucide=\"layers\"><\/i> plataforma<\/th>\r\n      <td>MetaTrader (MT4 e MT5)<\/td>\r\n    <\/tr>\r\n  <\/table>\r\n<\/section>\r\n\r\n<!-- Advantages Section -->\r\n<section>\r\n  <h2>Vantagens dos corretores de Windsor<\/h2>\r\n  <div class=\"feature-grid\">\r\n    <div class=\"feature-box\">\r\n      <i data-lucide=\"percent\"><\/i>\r\n      <h3>Spreads competitivos<\/h3>\r\n      <p>A partir de 0,0 pip na conta zero.<\/p>\r\n    <\/div>\r\n    <div class=\"feature-box\">\r\n      <i data-lucide=\"zap\"><\/i>\r\n      <h3>execu\u00e7\u00e3o r\u00e1pida<\/h3>\r\n      <p>Pedidos executados em milissegundos.<\/p>\r\n    <\/div>\r\n    <div class=\"feature-box\">\r\n      <i data-lucide=\"wallet\"><\/i>\r\n      <h3>M\u00e9todos de pagamento amplos<\/h3>\r\n      <p>Banco local, cart\u00e3o de cr\u00e9dito, carteira eletr\u00f4nica e criptomoedas.<\/p>\r\n    <\/div>\r\n    <div class=\"feature-box\">\r\n      <i data-lucide=\"users\"><\/i>\r\n      <h3>experiente<\/h3>\r\n      <p>Mais de 30 anos no setor financeiro global.<\/p>\r\n    <\/div>\r\n  <\/div>\r\n<\/section>\r\n\r\n<!-- Account Types Section -->\r\n<section>\r\n  <h2>Tipos de conta Windsor Brokers<\/h2>\r\n  <div class=\"account-grid\">\r\n    <div class=\"account-box\">\r\n      <h3>conta principal<\/h3>\r\n      <ul>\r\n        <li>Dep\u00f3sito m\u00ednimo: $50<\/li>\r\n        <li>Espalhamento: de 1.0 pip<\/li>\r\n        <li>Comiss\u00e3o: nenhum<\/li>\r\n        <li>Alavancagem: at\u00e9 1:500<\/li>\r\n        <li>Adequado para comerciantes iniciantes e intermedi\u00e1rios<\/li>\r\n      <\/ul>\r\n    <\/div>\r\n    <div class=\"account-box\">\r\n      <h3>conta zero<\/h3>\r\n      <ul>\r\n        <li>Dep\u00f3sito m\u00ednimo: $100<\/li>\r\n        <li>Espalhamento: de 0,0 pip<\/li>\r\n        <li>Comiss\u00e3o: $8 por lote<\/li>\r\n        <li>Alavancagem: at\u00e9 1:500<\/li>\r\n        <li>Adequado para cambistas e comerciantes profissionais<\/li>\r\n      <\/ul>\r\n    <\/div>\r\n    <div class=\"account-box\">\r\n      <h3>conta vip zero<\/h3>\r\n      <ul>\r\n        <li>Dep\u00f3sito m\u00ednimo: $1000<\/li>\r\n        <li>Espalhamento: de 0,0 pip<\/li>\r\n        <li>Comiss\u00e3o: inferior ao padr\u00e3o<\/li>\r\n        <li>Gerente de contas dedicado<\/li>\r\n        <li>Adequado para comerciantes de alto volume<\/li>\r\n      <\/ul>\r\n    <\/div>\r\n    <div class=\"account-box\">\r\n      <h3>conta centavo<\/h3>\r\n      <ul>\r\n        <li>Dep\u00f3sito m\u00ednimo: $1<\/li>\r\n        <li>Espalhamento: de 1,5 pip<\/li>\r\n        <li>Alavancagem: at\u00e9 1:500<\/li>\r\n        <li>Adequado para iniciantes e testes de estrat\u00e9gia<\/li>\r\n      <\/ul>\r\n    <\/div>\r\n  <\/div>\r\n<\/section>\r\n\r\n<!-- CTA Section -->\r\n<section class=\"cta-section\">\r\n  <h2>Comece a negociar com os corretores Windsor<\/h2>\r\n  <p>Escolha a etapa certa para come\u00e7ar a negociar com os corretores de Windsor.<\/p>\r\n  <a href=\"https:\/\/klikpbc.com\/pt\/pindah-ib\/\" class=\"cta-btn\">como mudar o IB<\/a>\r\n  <a href=\"https:\/\/sc.myuserhub.com?pt=92676\" class=\"cta-btn\" target=\"_blank\" rel=\"noopener\">Registre uma conta agora<\/a>\r\n<\/section>\r\n\r\n<script>\r\n  lucide.createIcons();\r\n<\/script>\r\n\r\n<\/body>\r\n<\/html>\r\n\t\t\t\t<\/div>\n\t\t\t\t<\/div>\n\t\t\t\t<\/div>\n\t\t\t\t\t<\/div>\n\t\t\t\t<\/div>\n\t\t<div class=\"elementor-element elementor-element-d039d54 e-flex e-con-boxed e-con e-parent\" data-id=\"d039d54\" data-element_type=\"container\" data-e-type=\"container\">\n\t\t\t\t\t<div class=\"e-con-inner\">\n\t\t<div class=\"elementor-element elementor-element-4272319 e-con-full e-flex e-con e-child\" data-id=\"4272319\" data-element_type=\"container\" data-e-type=\"container\">\n\t\t\t\t<div class=\"elementor-element elementor-element-68b6297 elementor-widget elementor-widget-html\" data-id=\"68b6297\" data-element_type=\"widget\" data-e-type=\"widget\" data-widget_type=\"html.default\">\n\t\t\t\t<div class=\"elementor-widget-container\">\n\t\t\t\t\t<section class=\"rebate-steps\">\r\n  <h2>Como obter um desconto<\/h2>\r\n  <div class=\"steps-grid\">\r\n    <div class=\"step-item\">\r\n      <div class=\"step-number\">1<\/div>\r\n      <div class=\"step-icon\">\ud83d\udcdd<\/div>\r\n      <p>Abra uma conta Windsor por meio de nosso IB Link\/Switch IB se voc\u00ea j\u00e1 tiver uma conta.<\/p>\r\n    <\/div>\r\n    <div class=\"step-item\">\r\n      <div class=\"step-number\">2<\/div>\r\n      <div class=\"step-icon\">\ud83d\udcc4<\/div>\r\n      <p>Reivindique sua conta por meio do formul\u00e1rio de reivindica\u00e7\u00e3o de conta; isso garante que sua conta seja registrada em nosso IB.<\/p>\r\n    <\/div>\r\n    <div class=\"step-item\">\r\n      <div class=\"step-number\">3<\/div>\r\n      <div class=\"step-icon\">\ud83d\udcca<\/div>\r\n      <p>Negocie como de costume.<\/p>\r\n    <\/div>\r\n    <div class=\"step-item\">\r\n      <div class=\"step-number\">4<\/div>\r\n      <div class=\"step-icon\">\ud83d\udcb0<\/div>\r\n      <p>Os descontos ser\u00e3o enviados automaticamente para sua conta todos os dias.<\/p>\r\n    <\/div>\r\n  <\/div>\r\n<\/section>\r\n\r\n<style>\r\n  .rebate-steps {\r\n    margin: 40px 0;\r\n    font-family: Arial, sans-serif;\r\n    text-align: center;\r\n  }\r\n  .rebate-steps h2 {\r\n    font-size: 22px;\r\n    margin-bottom: 20px;\r\n    color: #c62828;\r\n  }\r\n  .steps-grid {\r\n    display: grid;\r\n    grid-template-columns: repeat(auto-fit, minmax(220px, 1fr));\r\n    gap: 20px;\r\n  }\r\n  .step-item {\r\n    background: #fff;\r\n    border: 2px solid #c62828;\r\n    border-radius: 10px;\r\n    padding: 20px;\r\n    color: #c62828;\r\n    text-align: left;\r\n    transition: transform 0.2s;\r\n  }\r\n  .step-item:hover {\r\n    transform: translateY(-4px);\r\n  }\r\n  .step-number {\r\n    width: 36px;\r\n    height: 36px;\r\n    border-radius: 50%;\r\n    background: #c62828;\r\n    color: #fff;\r\n    display: flex;\r\n    align-items: center;\r\n    justify-content: center;\r\n    font-weight: bold;\r\n    margin-bottom: 10px;\r\n  }\r\n  .step-icon {\r\n    font-size: 28px;\r\n    margin-bottom: 12px;\r\n  }\r\n\r\n  \/* Mobile responsive *\/\r\n  @media (max-width: 600px) {\r\n    .step-item {\r\n      text-align: center;\r\n    }\r\n    .step-number {\r\n      margin: 0 auto 10px auto;\r\n    }\r\n    .step-icon {\r\n      margin: 0 auto 12px auto;\r\n    }\r\n  }\r\n<\/style>\r\n\t\t\t\t<\/div>\n\t\t\t\t<\/div>\n\t\t\t\t<\/div>\n\t\t\t\t\t<\/div>\n\t\t\t\t<\/div>\n\t\t<div class=\"elementor-element elementor-element-be20c75 e-flex e-con-boxed e-con e-parent\" data-id=\"be20c75\" data-element_type=\"container\" data-e-type=\"container\">\n\t\t\t\t\t<div class=\"e-con-inner\">\n\t\t<div class=\"elementor-element elementor-element-757765d e-con-full e-flex e-con e-child\" data-id=\"757765d\" data-element_type=\"container\" data-e-type=\"container\">\n\t\t\t\t<div class=\"elementor-element elementor-element-8c32718 elementor-widget elementor-widget-html\" data-id=\"8c32718\" data-element_type=\"widget\" data-e-type=\"widget\" data-widget_type=\"html.default\">\n\t\t\t\t<div class=\"elementor-widget-container\">\n\t\t\t\t\t<section class=\"open-account\">\r\n  <h2>Guia para abrir uma conta de corretores de Windsor<\/h2>\r\n  <div class=\"account-steps\">\r\n    <div class=\"step\">\r\n      <div class=\"step-number\">1<\/div>\r\n      <div class=\"step-text\">\r\n        <strong>Visite o site oficial<\/strong>\r\n        <p>Abra a p\u00e1gina de registro do Windsor por meio do <a href=\"https:\/\/sc.myuserhub.com?pt=92676\" target=\"_blank\" rel=\"noopener\">link oficial<\/a> Ou nosso link IB.<\/p>\r\n      <\/div>\r\n    <\/div>\r\n    <div class=\"step\">\r\n      <div class=\"step-number\">2<\/div>\r\n      <div class=\"step-text\">\r\n        <strong>Preencha o formul\u00e1rio de inscri\u00e7\u00e3o<\/strong>\r\n        <p>Insira seus dados, como e-mail, pa\u00eds de resid\u00eancia, n\u00famero de telefone e crie uma senha forte.<\/p>\r\n      <\/div>\r\n    <\/div>\r\n    <div class=\"step\">\r\n      <div class=\"step-number\">3<\/div>\r\n      <div class=\"step-text\">\r\n        <strong>Verifique o e-mail e o n\u00famero de telefone<\/strong>\r\n        <p>Confirme atrav\u00e9s do link de verifica\u00e7\u00e3o enviado ao seu e-mail e ao c\u00f3digo OTP enviado via SMS.<\/p>\r\n      <\/div>\r\n    <\/div>\r\n    <div class=\"step\">\r\n      <div class=\"step-number\">4<\/div>\r\n      <div class=\"step-text\">\r\n        <strong>Complete seu perfil<\/strong>\r\n        <p>Preencha as informa\u00e7\u00f5es pessoais de acordo com os documentos oficiais (nome, data de nascimento, endere\u00e7o, etc.).<\/p>\r\n      <\/div>\r\n    <\/div>\r\n    <div class=\"step\">\r\n      <div class=\"step-number\">5<\/div>\r\n      <div class=\"step-text\">\r\n        <strong>Carregar documentos de verifica\u00e7\u00e3o<\/strong>\r\n        <p>Carregar ID (passaporte\/cart\u00e3o de identifica\u00e7\u00e3o\/carteira de motorista) e comprovante de endere\u00e7o (por exemplo, fatura de servi\u00e7o p\u00fablico ou extrato banc\u00e1rio).<\/p>\r\n      <\/div>\r\n    <\/div>\r\n    <div class=\"step\">\r\n      <div class=\"step-number\">6<\/div>\r\n      <div class=\"step-text\">\r\n        <strong>Abra uma conta de negocia\u00e7\u00e3o<\/strong>\r\n        <p>Escolha o tipo de conta que mais lhe convier (por exemplo, Prime, Zero, VIP) e a plataforma de negocia\u00e7\u00e3o (MT4\/MT5).<\/p>\r\n      <\/div>\r\n    <\/div>\r\n    <div class=\"step\">\r\n      <div class=\"step-number\">7<\/div>\r\n      <div class=\"step-text\">\r\n        <strong>fundos de dep\u00f3sito<\/strong>\r\n        <p>Deposite usando os m\u00e9todos de pagamento dispon\u00edveis (transfer\u00eancia banc\u00e1ria, carteira eletr\u00f4nica, cart\u00e3o, etc.).<\/p>\r\n      <\/div>\r\n    <\/div>\r\n    <div class=\"step\">\r\n      <div class=\"step-number\">8<\/div>\r\n      <div class=\"step-text\">\r\n        <strong>Comece a negociar<\/strong>\r\n        <p>Baixe a plataforma MT4\/MT5, fa\u00e7a login com os detalhes da sua conta e comece a negociar.<\/p>\r\n      <\/div>\r\n    <\/div>\r\n  <\/div>\r\n<\/section>\r\n\r\n<style>\r\n  .open-account {\r\n    margin: 40px 0;\r\n    font-family: Arial, sans-serif;\r\n  }\r\n  .open-account h2 {\r\n    text-align: center;\r\n    color: #c62828;\r\n    margin-bottom: 24px;\r\n    font-size: 24px;\r\n  }\r\n  .account-steps {\r\n    display: grid;\r\n    grid-template-columns: 1fr;\r\n    gap: 16px;\r\n  }\r\n  .step {\r\n    display: flex;\r\n    gap: 14px;\r\n    align-items: flex-start;\r\n    background: #fff;\r\n    border: 2px solid #c62828;\r\n    border-radius: 8px;\r\n    padding: 14px;\r\n    color: #c62828;\r\n  }\r\n  .step-number {\r\n    min-width: 36px;\r\n    height: 36px;\r\n    border-radius: 50%;\r\n    background: #c62828;\r\n    color: #fff;\r\n    display: flex;\r\n    align-items: center;\r\n    justify-content: center;\r\n    font-weight: bold;\r\n    flex-shrink: 0;\r\n  }\r\n  .step-text strong {\r\n    display: block;\r\n    margin-bottom: 4px;\r\n    font-size: 16px;\r\n  }\r\n  .step-text p {\r\n    margin: 0;\r\n    font-size: 14px;\r\n    line-height: 1.4;\r\n  }\r\n  .step-text a {\r\n    color: #c62828;\r\n    text-decoration: underline;\r\n  }\r\n\r\n  @media (max-width: 600px) {\r\n    .step {\r\n      flex-direction: column;\r\n      text-align: center;\r\n    }\r\n    .step-number {\r\n      margin: 0 auto 10px auto;\r\n    }\r\n  }\r\n<\/style>\r\n\t\t\t\t<\/div>\n\t\t\t\t<\/div>\n\t\t\t\t<\/div>\n\t\t\t\t\t<\/div>\n\t\t\t\t<\/div>\n\t\t<div class=\"elementor-element elementor-element-cc681b3 e-flex e-con-boxed e-con e-parent\" data-id=\"cc681b3\" data-element_type=\"container\" data-e-type=\"container\">\n\t\t\t\t\t<div class=\"e-con-inner\">\n\t\t<div class=\"elementor-element elementor-element-64976d1 e-con-full e-flex e-con e-child\" data-id=\"64976d1\" data-element_type=\"container\" data-e-type=\"container\">\n\t\t\t\t<div class=\"elementor-element elementor-element-5de3290 elementor-widget elementor-widget-html\" data-id=\"5de3290\" data-element_type=\"widget\" data-e-type=\"widget\" data-widget_type=\"html.default\">\n\t\t\t\t<div class=\"elementor-widget-container\">\n\t\t\t\t\t<section class=\"dw-guide\">\r\n  <h2>Guia de Dep\u00f3sito e Retirada de Corretores de Windsor<\/h2>\r\n\r\n  <div class=\"dw-grid\">\r\n    <!-- Deposit -->\r\n    <div class=\"dw-box deposit\">\r\n      <h3>\ud83d\udd3b Guia de Dep\u00f3sito<\/h3>\r\n      <ol>\r\n        <li>Fa\u00e7a login no <strong>Portal do cliente<\/strong> dos corretores de Windsor.<\/li>\r\n        <li>selecione o <strong>jazigo<\/strong> card\u00e1pio.<\/li>\r\n        <li>Escolha um m\u00e9todo de pagamento dispon\u00edvel (transfer\u00eancia banc\u00e1ria, carteira eletr\u00f4nica, cart\u00e3o de cr\u00e9dito\/d\u00e9bito ou cripto).<\/li>\r\n        <li>Insira o valor do dep\u00f3sito de acordo com suas necessidades.<\/li>\r\n        <li>Siga as instru\u00e7\u00f5es de pagamento de acordo com o m\u00e9todo selecionado.<\/li>\r\n        <li>Depois que o pagamento for verificado com sucesso, os fundos ser\u00e3o creditados em sua conta de negocia\u00e7\u00e3o.<\/li>\r\n      <\/ol>\r\n    <\/div>\r\n\r\n    <!-- Withdraw -->\r\n    <div class=\"dw-box withdraw\">\r\n      <h3>\ud83d\udd3a Guia de retirada<\/h3>\r\n      <ol>\r\n        <li>Fa\u00e7a login no <strong>Portal do cliente<\/strong> dos corretores de Windsor.<\/li>\r\n        <li>selecione o <strong>retirar<\/strong> card\u00e1pio.<\/li>\r\n        <li>Escolha um m\u00e9todo de retirada (recomendado para usar o mesmo m\u00e9todo que seu dep\u00f3sito).<\/li>\r\n        <li>Insira o valor da retirada de acordo com o saldo dispon\u00edvel.<\/li>\r\n        <li>Preencha corretamente os detalhes da sua conta\/carteira.<\/li>\r\n        <li>Clique em Confirmar e aguarde o processo de aprova\u00e7\u00e3o.<\/li>\r\n        <li>Os fundos ser\u00e3o enviados para sua conta\/carteira com base no tempo estimado de processamento do m\u00e9todo de pagamento selecionado.<\/li>\r\n      <\/ol>\r\n    <\/div>\r\n  <\/div>\r\n<\/section>\r\n\r\n<style>\r\n  .dw-guide {\r\n    margin: 40px 0;\r\n    font-family: Arial, sans-serif;\r\n  }\r\n  .dw-guide h2 {\r\n    text-align: center;\r\n    color: #c62828;\r\n    margin-bottom: 28px;\r\n    font-size: 24px;\r\n  }\r\n  .dw-grid {\r\n    display: grid;\r\n    grid-template-columns: repeat(auto-fit, minmax(280px, 1fr));\r\n    gap: 20px;\r\n  }\r\n  .dw-box {\r\n    border-radius: 10px;\r\n    padding: 20px;\r\n    color: #fff;\r\n  }\r\n  .dw-box h3 {\r\n    margin-top: 0;\r\n    margin-bottom: 12px;\r\n    font-size: 18px;\r\n    text-align: center;\r\n  }\r\n  .dw-box ol {\r\n    padding-left: 18px;\r\n    margin: 0;\r\n  }\r\n  .dw-box li {\r\n    margin-bottom: 10px;\r\n    line-height: 1.5;\r\n  }\r\n  \/* Specific colors *\/\r\n  .deposit {\r\n    background: linear-gradient(135deg, #1b5e20, #2e7d32); \/* dark green *\/\r\n  }\r\n  .withdraw {\r\n    background: linear-gradient(135deg, #1976d2, #42a5f5); \/* bright blue *\/\r\n  }\r\n  \/* Responsive *\/\r\n  @media (max-width: 600px) {\r\n    .dw-box {\r\n      text-align: left;\r\n    }\r\n    .dw-box h3 {\r\n      font-size: 16px;\r\n    }\r\n  }\r\n<\/style>\r\n\t\t\t\t<\/div>\n\t\t\t\t<\/div>\n\t\t\t\t<\/div>\n\t\t\t\t\t<\/div>\n\t\t\t\t<\/div>\n\t\t\t\t<\/div>","protected":false},"excerpt":{"rendered":"<p>&lt;!doctype html&gt; &nbsp; Windsor Brokers Profile Global forex broker with experience since 1988 and trusted regulation Windsor Brokers Overview Company [&hellip;]<\/p>\n","protected":false},"author":1,"featured_media":1544,"parent":0,"menu_order":0,"comment_status":"closed","ping_status":"closed","template":"elementor_header_footer","meta":{"site-sidebar-layout":"no-sidebar","site-content-layout":"","ast-site-content-layout":"full-width-container","site-content-style":"default","site-sidebar-style":"default","ast-global-header-display":"","ast-banner-title-visibility":"","ast-main-header-display":"","ast-hfb-above-header-display":"","ast-hfb-below-header-display":"","ast-hfb-mobile-header-display":"","site-post-title":"disabled","ast-breadcrumbs-content":"","ast-featured-img":"disabled","footer-sml-layout":"","ast-disable-related-posts":"","theme-transparent-header-meta":"default","adv-header-id-meta":"","stick-header-meta":"","header-above-stick-meta":"","header-main-stick-meta":"","header-below-stick-meta":"","astra-migrate-meta-layouts":"set","ast-page-background-enabled":"default","ast-page-background-meta":{"desktop":{"background-color":"var(--ast-global-color-4)","background-image":"","background-repeat":"repeat","background-position":"center center","background-size":"auto","background-attachment":"scroll","background-type":"","background-media":"","overlay-type":"","overlay-color":"","overlay-opacity":"","overlay-gradient":""},"tablet":{"background-color":"","background-image":"","background-repeat":"repeat","background-position":"center center","background-size":"auto","background-attachment":"scroll","background-type":"","background-media":"","overlay-type":"","overlay-color":"","overlay-opacity":"","overlay-gradient":""},"mobile":{"background-color":"","background-image":"","background-repeat":"repeat","background-position":"center center","background-size":"auto","background-attachment":"scroll","background-type":"","background-media":"","overlay-type":"","overlay-color":"","overlay-opacity":"","overlay-gradient":""}},"ast-content-background-meta":{"desktop":{"background-color":"var(--ast-global-color-5)","background-image":"","background-repeat":"repeat","background-position":"center center","background-size":"auto","background-attachment":"scroll","background-type":"","background-media":"","overlay-type":"","overlay-color":"","overlay-opacity":"","overlay-gradient":""},"tablet":{"background-color":"var(--ast-global-color-5)","background-image":"","background-repeat":"repeat","background-position":"center center","background-size":"auto","background-attachment":"scroll","background-type":"","background-media":"","overlay-type":"","overlay-color":"","overlay-opacity":"","overlay-gradient":""},"mobile":{"background-color":"var(--ast-global-color-5)","background-image":"","background-repeat":"repeat","background-position":"center center","background-size":"auto","background-attachment":"scroll","background-type":"","background-media":"","overlay-type":"","overlay-color":"","overlay-opacity":"","overlay-gradient":""}},"footnotes":""},"class_list":["post-2033","page","type-page","status-publish","has-post-thumbnail","hentry"],"_links":{"self":[{"href":"https:\/\/klikpbc.com\/pt\/wp-json\/wp\/v2\/pages\/2033","targetHints":{"allow":["GET"]}}],"collection":[{"href":"https:\/\/klikpbc.com\/pt\/wp-json\/wp\/v2\/pages"}],"about":[{"href":"https:\/\/klikpbc.com\/pt\/wp-json\/wp\/v2\/types\/page"}],"author":[{"embeddable":true,"href":"https:\/\/klikpbc.com\/pt\/wp-json\/wp\/v2\/users\/1"}],"replies":[{"embeddable":true,"href":"https:\/\/klikpbc.com\/pt\/wp-json\/wp\/v2\/comments?post=2033"}],"version-history":[{"count":10,"href":"https:\/\/klikpbc.com\/pt\/wp-json\/wp\/v2\/pages\/2033\/revisions"}],"predecessor-version":[{"id":2307,"href":"https:\/\/klikpbc.com\/pt\/wp-json\/wp\/v2\/pages\/2033\/revisions\/2307"}],"wp:featuredmedia":[{"embeddable":true,"href":"https:\/\/klikpbc.com\/pt\/wp-json\/wp\/v2\/media\/1544"}],"wp:attachment":[{"href":"https:\/\/klikpbc.com\/pt\/wp-json\/wp\/v2\/media?parent=2033"}],"curies":[{"name":"wp","href":"https:\/\/api.w.org\/{rel}","templated":true}]}}