{"id":1746,"date":"2025-09-11T05:49:17","date_gmt":"2025-09-11T05:49:17","guid":{"rendered":"https:\/\/klikpbc.com\/?page_id=1746"},"modified":"2025-11-07T05:01:52","modified_gmt":"2025-11-07T05:01:52","slug":"cara-kerja-desconto-forex","status":"publish","type":"page","link":"https:\/\/klikpbc.com\/pt\/cara-kerja-rebate-forex\/","title":{"rendered":"Como funcionam os descontos em Forex"},"content":{"rendered":"<div data-elementor-type=\"wp-page\" data-elementor-id=\"1746\" class=\"elementor elementor-1746\" data-elementor-post-type=\"page\">\n\t\t\t\t<div class=\"elementor-element elementor-element-06bff4c e-flex e-con-boxed e-con e-parent\" data-id=\"06bff4c\" data-element_type=\"container\" data-e-type=\"container\">\n\t\t\t\t\t<div class=\"e-con-inner\">\n\t\t\t\t<div class=\"elementor-element elementor-element-e42cbfd elementor-widget elementor-widget-html\" data-id=\"e42cbfd\" data-element_type=\"widget\" data-e-type=\"widget\" data-widget_type=\"html.default\">\n\t\t\t\t<div class=\"elementor-widget-container\">\n\t\t\t\t\t<!doctype html>\r\n<html lang=\"en\">\r\n<head>\r\n  <meta charset=\"utf-8\">\r\n  <meta name=\"viewport\" content=\"width=device-width,initial-scale=1\">\r\n  <title>Como funcionam os descontos em Forex | AutoRebateBrokerFX<\/title>\r\n  <meta name=\"description\" content=\"Aprenda como os descontos no Forex funcionam em detalhes. Um guia completo para entender os descontos, exemplos de c\u00e1lculo, tipos de descontos e como maximizar os lucros com o AutoRebateBrokerFX.\">\r\n  <link href=\"https:\/\/unpkg.com\/aos@2.3.1\/dist\/aos.css\" rel=\"stylesheet\">\r\n  <style>\r\n    body {\r\n      margin:0;\r\n      font-family: Arial, sans-serif;\r\n      background:#fff;\r\n      color:#333;\r\n    }\r\n    header {\r\n      background:#b91c1c;\r\n      color:#fff;\r\n      padding:20px;\r\n      text-align:center;\r\n    }\r\n    header h1 {\r\n      margin:0;\r\n      font-size:2rem;\r\n    }\r\n    .container {\r\n      max-width:1200px;\r\n      margin:0 auto;\r\n      padding:20px;\r\n    }\r\n    section {\r\n      margin-bottom:40px;\r\n    }\r\n    h2 {\r\n      color:#b91c1c;\r\n      margin-bottom:15px;\r\n    }\r\n    h3 {\r\n      color:#dc2626;\r\n      margin-top:20px;\r\n    }\r\n    p {\r\n      line-height:1.8;\r\n      margin-bottom:15px;\r\n    }\r\n    .grid {\r\n      display:grid;\r\n      grid-template-columns: repeat(auto-fit,minmax(280px,1fr));\r\n      gap:20px;\r\n    }\r\n    .card {\r\n      background:#fff5f5;\r\n      border:1px solid #fecaca;\r\n      border-radius:12px;\r\n      padding:20px;\r\n      transition:all 0.3s;\r\n    }\r\n    .card:hover {\r\n      transform:translateY(-5px);\r\n      box-shadow:0 8px 20px rgba(0,0,0,0.1);\r\n    }\r\n    @media (max-width:600px){\r\n      header h1{font-size:1.5rem;}\r\n    }\r\n  <\/style>\r\n<\/head>\r\n<body>\r\n  <header>\r\n    <h1 data-aos=\"fade-down\">Como funcionam os descontos em Forex<\/h1>\r\n    <p data-aos=\"fade-up\">Guia completo para traders na AutoRebateBrokerFX<\/p>\r\n  <\/header>\r\n\r\n  <div class=\"container\">\r\n\r\n    <section data-aos=\"fade-up\">\r\n      <h2>Introdu\u00e7\u00e3o \u00e0 forma como os descontos em Forex funcionam<\/h2>\r\n      <p>\r\n        Um desconto forex \u00e9 um tipo de incentivo financeiro oferecido por corretores de forex ou por meio de parceiros afiliados como \r\n        <strong>AutoRebateBrokerFX<\/strong>. Esse sistema permite que os traders recebam uma devolu\u00e7\u00e3o de parte dos custos de transa\u00e7\u00e3o pagos ao corretor, como spread ou comiss\u00e3o.\r\n      <\/p>\r\n      <p>\r\n        Muitos traders iniciantes ainda est\u00e3o confusos sobre como funcionam os descontos, quando s\u00e3o pagos e quais fatores afetam o valor do desconto. Este artigo ir\u00e1 discutir em detalhes como os descontos no Forex funcionam, desde conceitos b\u00e1sicos, fluxo t\u00e9cnico at\u00e9 exemplos reais de c\u00e1lculo.\r\n      <\/p>\r\n    <\/section>\r\n\r\n    <section data-aos=\"fade-in\">\r\n      <h2>Como s\u00e3o calculados os descontos forex?<\/h2>\r\n      <p>\r\n        Os descontos forex s\u00e3o calculados com base no volume de negocia\u00e7\u00e3o do trader. Quanto maior o volume de negocia\u00e7\u00e3o, maior o desconto que pode ser obtido. Os corretores alocam uma parte dos custos de transa\u00e7\u00e3o j\u00e1 pagos pelo trader e, em seguida, devolvem-no na forma de cashback.\r\n      <\/p>\r\n      <div class=\"grid\">\r\n        <div class=\"card\" data-aos=\"fade-up\">\r\n          <h3>1. com base no spread<\/h3>\r\n          <p>\r\n            Se o corretor usar o spread como custo de transa\u00e7\u00e3o, o desconto geralmente \u00e9 calculado como uma porcentagem desse spread. Por exemplo: se o spread for 2 pips, ent\u00e3o 0,5\u20131 pip pode ser devolvido como um desconto.\r\n          <\/p>\r\n        <\/div>\r\n        <div class=\"card\" data-aos=\"fade-up\">\r\n          <h3>2 . Com base na comiss\u00e3o<\/h3>\r\n          <p>\r\n            Nas contas de spread ecn ou brutos, os corretores cobram uma comiss\u00e3o por lote. Uma parte desta comiss\u00e3o \u00e9 devolvida como um desconto. Por exemplo, se a comiss\u00e3o for $7 por lote, o trader poder\u00e1 receber um desconto de $2\u2013$4.\r\n          <\/p>\r\n        <\/div>\r\n      <\/div>\r\n    <\/section>\r\n\r\n    <section data-aos=\"fade-up\">\r\n      <h2>Fluxo de trabalho de desconto de forex<\/h2>\r\n      <ol>\r\n        <li>Trader abre uma conta de negocia\u00e7\u00e3o por meio de <strong>AutoRebateBrokerFX<\/strong>.<\/li>\r\n        <li>Cada vez que uma posi\u00e7\u00e3o \u00e9 aberta ou fechada, o corretor cobra uma taxa de transa\u00e7\u00e3o.<\/li>\r\n        <li>Uma parte da taxa de transa\u00e7\u00e3o \u00e9 alocada de volta como um desconto.<\/li>\r\n        <li>O desconto \u00e9 automaticamente creditado na conta ou carteira do trader de acordo com o cronograma de pagamento.<\/li>\r\n      <\/ol>\r\n      <p>\r\n        Com esse sistema, os traders continuam negociando normalmente sem alterar as condi\u00e7\u00f5es de negocia\u00e7\u00e3o, enquanto obt\u00eam lucro adicional na forma de cashback.\r\n      <\/p>\r\n    <\/section>\r\n\r\n    <section data-aos=\"fade-in\">\r\n      <h2>Exemplos de c\u00e1lculo de descontos em Forex<\/h2>\r\n      <p>\r\n        Para tornar mais claro, vamos \u00e0s ilustra\u00e7\u00f5es a seguir:\r\n      <\/p>\r\n      <div class=\"card\" data-aos=\"fade-up\">\r\n        <h3>Caso 1: conta padr\u00e3o<\/h3>\r\n        <p>\r\n          Um trader abre uma posi\u00e7\u00e3o EURUSD de 1 lote com um spread de 2 pip. O corretor retorna 1 pip como um desconto. O valor de 1 pip para 1 lote EURUSD = $10, ent\u00e3o o desconto = $10.\r\n        <\/p>\r\n      <\/div>\r\n      <div class=\"card\" data-aos=\"fade-up\">\r\n        <h3>Caso 2: conta ECN<\/h3>\r\n        <p>\r\n          Um trader usa uma conta ECN com uma comiss\u00e3o $7 por lote. O corretor fornece um desconto de $3. Portanto, para cada transa\u00e7\u00e3o de 1 lote, o trader recebe $3 de reembolso.\r\n        <\/p>\r\n      <\/div>\r\n    <\/section>\r\n\r\n    <section data-aos=\"fade-up\">\r\n      <h2>Tipos de descontos em Forex<\/h2>\r\n      <div class=\"grid\">\r\n        <div class=\"card\" data-aos=\"fade-up\">\r\n          <h3>desconto di\u00e1rio<\/h3>\r\n          <p>Dado diariamente com base no volume de negocia\u00e7\u00e3o daquele dia.<\/p>\r\n        <\/div>\r\n        <div class=\"card\" data-aos=\"fade-up\">\r\n          <h3>desconto semanal<\/h3>\r\n          <p>Calculado no final da semana, adequado para os traders de swing.<\/p>\r\n        <\/div>\r\n        <div class=\"card\" data-aos=\"fade-up\">\r\n          <h3>desconto mensal<\/h3>\r\n          <p>Calculado mensalmente, geralmente para contas de alto volume.<\/p>\r\n        <\/div>\r\n      <\/div>\r\n    <\/section>\r\n\r\n    <section data-aos=\"fade-in\">\r\n      <h2>Benef\u00edcios dos descontos em Forex<\/h2>\r\n      <ul>\r\n        <li>Reduza significativamente os custos de negocia\u00e7\u00e3o.<\/li>\r\n        <li>Aumente a lucratividade mesmo em condi\u00e7\u00f5es de perda.<\/li>\r\n        <li>Fornecer incentivos adicionais para os traders ativos.<\/li>\r\n        <li>N\u00e3o altere as condi\u00e7\u00f5es de negocia\u00e7\u00e3o (divers\u00e3o, alavancagem, execu\u00e7\u00e3o).<\/li>\r\n      <\/ul>\r\n    <\/section>\r\n\r\n    <section data-aos=\"fade-up\">\r\n      <h2>Por que escolher AutoRebateBrokerFX?<\/h2>\r\n      <p>\r\n        Como um parceiro de desconto confi\u00e1vel, o AutoRebateBrokerFX oferece um sistema de descontos transparente, pagamentos r\u00e1pidos e suporte total para todos os tipos de traders. Colaboramos com corretores internacionais oficiais, fornecendo as melhores condi\u00e7\u00f5es de negocia\u00e7\u00e3o com descontos m\u00e1ximos.\r\n      <\/p>\r\n    <\/section>\r\n\r\n    <section data-aos=\"fade-up\">\r\n      <h2>conclus\u00e3o<\/h2>\r\n      <p>\r\n        Como o trabalho de descontos em Forex \u00e9 realmente simples: toda vez que voc\u00ea faz uma transa\u00e7\u00e3o, parte do custo de negocia\u00e7\u00e3o \u00e9 devolvido como reembolso. Este sistema ajuda os comerciantes a economizar custos, aumentar a lucratividade e tornar as atividades de negocia\u00e7\u00e3o mais lucrativas. juntando-se <strong>AutoRebateBrokerFX<\/strong>, voc\u00ea pode receber descontos autom\u00e1ticos todos os dias sem alterar seu estilo de negocia\u00e7\u00e3o.\r\n      <\/p>\r\n    <\/section>\r\n\r\n  <\/div>\r\n\r\n  <script src=\"https:\/\/unpkg.com\/aos@2.3.1\/dist\/aos.js\"><\/script>\r\n  <script>\r\n    AOS.init({ duration: 1000 });\r\n  <\/script>\r\n<\/body>\r\n<\/html>\r\n\t\t\t\t<\/div>\n\t\t\t\t<\/div>\n\t\t\t\t\t<\/div>\n\t\t\t\t<\/div>\n\t\t\t\t<\/div>","protected":false},"excerpt":{"rendered":"<p>&lt;!doctype html&gt; &nbsp; How Forex Rebates Work Complete Guide for Traders at AutoRebateBrokerFX Introduction to How Forex Rebates Work A [&hellip;]<\/p>\n","protected":false},"author":1,"featured_media":0,"parent":0,"menu_order":0,"comment_status":"closed","ping_status":"closed","template":"elementor_header_footer","meta":{"site-sidebar-layout":"no-sidebar","site-content-layout":"","ast-site-content-layout":"full-width-container","site-content-style":"default","site-sidebar-style":"default","ast-global-header-display":"","ast-banner-title-visibility":"","ast-main-header-display":"","ast-hfb-above-header-display":"","ast-hfb-below-header-display":"","ast-hfb-mobile-header-display":"","site-post-title":"disabled","ast-breadcrumbs-content":"","ast-featured-img":"disabled","footer-sml-layout":"","ast-disable-related-posts":"","theme-transparent-header-meta":"default","adv-header-id-meta":"","stick-header-meta":"","header-above-stick-meta":"","header-main-stick-meta":"","header-below-stick-meta":"","astra-migrate-meta-layouts":"set","ast-page-background-enabled":"default","ast-page-background-meta":{"desktop":{"background-color":"var(--ast-global-color-4)","background-image":"","background-repeat":"repeat","background-position":"center center","background-size":"auto","background-attachment":"scroll","background-type":"","background-media":"","overlay-type":"","overlay-color":"","overlay-opacity":"","overlay-gradient":""},"tablet":{"background-color":"","background-image":"","background-repeat":"repeat","background-position":"center center","background-size":"auto","background-attachment":"scroll","background-type":"","background-media":"","overlay-type":"","overlay-color":"","overlay-opacity":"","overlay-gradient":""},"mobile":{"background-color":"","background-image":"","background-repeat":"repeat","background-position":"center center","background-size":"auto","background-attachment":"scroll","background-type":"","background-media":"","overlay-type":"","overlay-color":"","overlay-opacity":"","overlay-gradient":""}},"ast-content-background-meta":{"desktop":{"background-color":"var(--ast-global-color-5)","background-image":"","background-repeat":"repeat","background-position":"center center","background-size":"auto","background-attachment":"scroll","background-type":"","background-media":"","overlay-type":"","overlay-color":"","overlay-opacity":"","overlay-gradient":""},"tablet":{"background-color":"var(--ast-global-color-5)","background-image":"","background-repeat":"repeat","background-position":"center center","background-size":"auto","background-attachment":"scroll","background-type":"","background-media":"","overlay-type":"","overlay-color":"","overlay-opacity":"","overlay-gradient":""},"mobile":{"background-color":"var(--ast-global-color-5)","background-image":"","background-repeat":"repeat","background-position":"center center","background-size":"auto","background-attachment":"scroll","background-type":"","background-media":"","overlay-type":"","overlay-color":"","overlay-opacity":"","overlay-gradient":""}},"footnotes":""},"class_list":["post-1746","page","type-page","status-publish","hentry"],"_links":{"self":[{"href":"https:\/\/klikpbc.com\/pt\/wp-json\/wp\/v2\/pages\/1746","targetHints":{"allow":["GET"]}}],"collection":[{"href":"https:\/\/klikpbc.com\/pt\/wp-json\/wp\/v2\/pages"}],"about":[{"href":"https:\/\/klikpbc.com\/pt\/wp-json\/wp\/v2\/types\/page"}],"author":[{"embeddable":true,"href":"https:\/\/klikpbc.com\/pt\/wp-json\/wp\/v2\/users\/1"}],"replies":[{"embeddable":true,"href":"https:\/\/klikpbc.com\/pt\/wp-json\/wp\/v2\/comments?post=1746"}],"version-history":[{"count":13,"href":"https:\/\/klikpbc.com\/pt\/wp-json\/wp\/v2\/pages\/1746\/revisions"}],"predecessor-version":[{"id":2329,"href":"https:\/\/klikpbc.com\/pt\/wp-json\/wp\/v2\/pages\/1746\/revisions\/2329"}],"wp:attachment":[{"href":"https:\/\/klikpbc.com\/pt\/wp-json\/wp\/v2\/media?parent=1746"}],"curies":[{"name":"wp","href":"https:\/\/api.w.org\/{rel}","templated":true}]}}